{"id":122,"date":"2015-12-14T17:45:16","date_gmt":"2015-12-14T15:45:16","guid":{"rendered":"http:\/\/www.guvencilingir.com\/?page_id=122"},"modified":"2015-12-14T17:45:16","modified_gmt":"2015-12-14T15:45:16","slug":"kapi-durbunleri","status":"publish","type":"page","link":"https:\/\/www.guvencilingir.com\/index.php\/urunler\/kapi-durbunleri\/","title":{"rendered":"KAPI D\u00dcRB\u00dcNLER\u0130"},"content":{"rendered":"<p><a href=\"http:\/\/www.guvencilingir.com\/wp-content\/uploads\/2015\/12\/durbun1.jpg\" rel=\"shadowbox[post-122];player=img;\"><img loading=\"lazy\" decoding=\"async\" class=\"alignnone size-full wp-image-123 aligncenter\" src=\"http:\/\/www.guvencilingir.com\/wp-content\/uploads\/2015\/12\/durbun1.jpg\" alt=\"durbun1\" width=\"100\" height=\"105\" \/><\/a><\/p>\n<ul>\n<li class=\"style3\" style=\"text-align: left;\">Kap\u0131da kim oldu\u011funu canl\u0131 g\u00f6rebilme<\/li>\n<li class=\"style3\" style=\"text-align: left;\">Foto\u011farf \u00e7ekme (sadece SD kart\u0131 kullan\u0131m\u0131nda)<\/li>\n<li class=\"style3\" style=\"text-align: left;\">Siz evde olmasan\u0131z da zilinize basan herkesi tarihi ve saati ile kay\u0131t edebilme \u00f6zelli\u011fi (sadece SD kart\u0131 kullan\u0131m\u0131nda)<\/li>\n<li class=\"style3\" style=\"text-align: left;\">G\u00f6r\u00fcnt\u00fcy\u00fc zoom yapabilme<\/li>\n<li class=\"style3\" style=\"text-align: left;\">Dahili LED \u0131\u015f\u0131klar\u0131 sayesinde karanl\u0131kta g\u00f6r\u00fc\u015f imkan\u0131<\/li>\n<li class=\"style3\" style=\"text-align: left;\">90 derecelik ve daha fazla a\u00e7\u0131 ile g\u00f6r\u00fcnt\u00fcleme<\/li>\n<li class=\"style3\" style=\"text-align: left;\">2.4&#8221; LCD ekran sayesinde geni\u015f g\u00f6r\u00fcnt\u00fc mesafesi,\u00e7ocuklar i\u00e7in kullan\u0131m kolayl\u0131\u011f\u0131<\/li>\n<li class=\"style3\" style=\"text-align: left;\">Su ge\u00e7irmeyen metal g\u00f6vdeli kamera<\/li>\n<li class=\"style3\" style=\"text-align: left;\">Kolay kurulum (\u00f6nerilen kap\u0131 kal\u0131n\u0131l\u0131\u011f\u0131 24-72mm)<\/li>\n<li class=\"style3\" style=\"text-align: left;\"><\/li>\n<\/ul>\n<p><center><object title=\"FLASH\" codebase=\"http:\/\/download.macromedia.com\/pub\/shockwave\/cabs\/flash\/swflash.cab#version=7,0,19,0\" classid=\"clsid:D27CDB6E-AE6D-11cf-96B8-444553540000\" height=\"300\" width=\"178\"><param name=\"_cx\" value=\"4709\"><param name=\"_cy\" value=\"7937\"><param name=\"FlashVars\" value=\"\"><param name=\"Movie\" value=\"\/durbun1.swf\"><param name=\"Src\" value=\"\/durbun1.swf\"><param name=\"WMode\" value=\"Window\"><param name=\"Play\" value=\"-1\"><param name=\"Loop\" value=\"-1\"><param name=\"Quality\" value=\"High\"><param name=\"SAlign\" value=\"\"><param name=\"Menu\" value=\"-1\"><param name=\"Base\" value=\"\"><param name=\"AllowScriptAccess\" value=\"\"><param name=\"Scale\" value=\"ShowAll\"><param name=\"DeviceFont\" value=\"0\"><param name=\"EmbedMovie\" value=\"0\"><param name=\"BGColor\" value=\"\"><param name=\"SWRemote\" value=\"\"><param name=\"MovieData\" value=\"\"><param name=\"SeamlessTabbing\" value=\"1\"><param name=\"Profile\" value=\"0\"><param name=\"ProfileAddress\" value=\"\"><param name=\"ProfilePort\" value=\"0\"><param name=\"AllowNetworking\" value=\"all\"><param name=\"AllowFullScreen\" value=\"false\"><embed src=\"\/durbun1.swf\" quality=\"high\" pluginspage=\"http:\/\/www.macromedia.com\/go\/getflashplayer\" type=\"application\/x-shockwave-flash\" height=\"300\" width=\"178\"><\/object><\/center><\/p>\n","protected":false},"excerpt":{"rendered":"<p>Kap\u0131da kim oldu\u011funu canl\u0131 g\u00f6rebilme Foto\u011farf \u00e7ekme (sadece SD kart\u0131 kullan\u0131m\u0131nda) Siz evde olmasan\u0131z da zilinize basan herkesi tarihi ve saati ile kay\u0131t edebilme \u00f6zelli\u011fi (sadece SD kart\u0131 kullan\u0131m\u0131nda) G\u00f6r\u00fcnt\u00fcy\u00fc zoom yapabilme Dahili LED \u0131\u015f\u0131klar\u0131 sayesinde karanl\u0131kta g\u00f6r\u00fc\u015f imkan\u0131 90 derecelik ve daha fazla a\u00e7\u0131 ile g\u00f6r\u00fcnt\u00fcleme 2.4&#8221; LCD ekran sayesinde geni\u015f g\u00f6r\u00fcnt\u00fc mesafesi,\u00e7ocuklar i\u00e7in [&hellip;]<\/p>\n","protected":false},"author":1,"featured_media":0,"parent":83,"menu_order":2,"comment_status":"closed","ping_status":"closed","template":"","meta":{"footnotes":""},"_links":{"self":[{"href":"https:\/\/www.guvencilingir.com\/index.php\/wp-json\/wp\/v2\/pages\/122"}],"collection":[{"href":"https:\/\/www.guvencilingir.com\/index.php\/wp-json\/wp\/v2\/pages"}],"about":[{"href":"https:\/\/www.guvencilingir.com\/index.php\/wp-json\/wp\/v2\/types\/page"}],"author":[{"embeddable":true,"href":"https:\/\/www.guvencilingir.com\/index.php\/wp-json\/wp\/v2\/users\/1"}],"replies":[{"embeddable":true,"href":"https:\/\/www.guvencilingir.com\/index.php\/wp-json\/wp\/v2\/comments?post=122"}],"version-history":[{"count":2,"href":"https:\/\/www.guvencilingir.com\/index.php\/wp-json\/wp\/v2\/pages\/122\/revisions"}],"predecessor-version":[{"id":125,"href":"https:\/\/www.guvencilingir.com\/index.php\/wp-json\/wp\/v2\/pages\/122\/revisions\/125"}],"up":[{"embeddable":true,"href":"https:\/\/www.guvencilingir.com\/index.php\/wp-json\/wp\/v2\/pages\/83"}],"wp:attachment":[{"href":"https:\/\/www.guvencilingir.com\/index.php\/wp-json\/wp\/v2\/media?parent=122"}],"curies":[{"name":"wp","href":"https:\/\/api.w.org\/{rel}","templated":true}]}}