{"id":126,"date":"2015-12-14T17:47:12","date_gmt":"2015-12-14T15:47:12","guid":{"rendered":"http:\/\/www.guvencilingir.com\/?page_id=126"},"modified":"2015-12-14T18:56:09","modified_gmt":"2015-12-14T16:56:09","slug":"slot","status":"publish","type":"page","link":"https:\/\/www.guvencilingir.com\/index.php\/urunler\/slot\/","title":{"rendered":"SLOT"},"content":{"rendered":"<td style=\"font-size:11px;\">\n<p align=\"center\"><img decoding=\"async\" src=\"\/slotamb.jpg\">\n<\/p>\n<p><center><br \/>\n<object title=\"FLASH\" codebase=\"http:\/\/download.macromedia.com\/pub\/shockwave\/cabs\/flash\/swflash.cab#version=7,0,19,0\" classid=\"clsid:D27CDB6E-AE6D-11cf-96B8-444553540000\" height=\"48\" width=\"420\"><param name=\"_cx\" value=\"12700\"><param name=\"_cy\" value=\"1270\"><param name=\"FlashVars\" value=\"\"><param name=\"Movie\" value=\"\/slogan.swf\"><param name=\"Src\" value=\"\/slogan.swf\"><param name=\"WMode\" value=\"Window\"><param name=\"Play\" value=\"-1\"><param name=\"Loop\" value=\"-1\"><param name=\"Quality\" value=\"High\"><param name=\"SAlign\" value=\"\"><param name=\"Menu\" value=\"-1\"><param name=\"Base\" value=\"\"><param name=\"AllowScriptAccess\" value=\"\"><param name=\"Scale\" value=\"ShowAll\"><param name=\"DeviceFont\" value=\"0\"><param name=\"EmbedMovie\" value=\"0\"><param name=\"BGColor\" value=\"\"><param name=\"SWRemote\" value=\"\"><param name=\"MovieData\" value=\"\"><param name=\"SeamlessTabbing\" value=\"1\"><param name=\"Profile\" value=\"0\"><param name=\"ProfileAddress\" value=\"\"><param name=\"ProfilePort\" value=\"0\"><param name=\"AllowNetworking\" value=\"all\"><param name=\"AllowFullScreen\" value=\"false\"><embed src=\"\/slogan.swf\" quality=\"high\" pluginspage=\"http:\/\/www.macromedia.com\/go\/getflashplayer\" type=\"application\/x-shockwave-flash\" height=\"48\" width=\"420\"><\/object><\/center><br \/>\n<center><\/center><br \/>\n<center><img decoding=\"async\" src=\"\/YeniAnahtar.gif\"><\/center><br \/>\n<center><\/center><br \/>\n<center class=\"style10\"><b><font color=\"#ff0000\">Anahtarlar\u0131 fazla kilolar\u0131ndan kurtard\u0131k!<\/font><\/b> <\/center><br \/>\n<center>Solda Slot \u00f6ncesi s\u0131radan bir anahtar g\u00f6r\u00fcl\u00fcyor.<br \/>\n<br \/>Slot sayesinde a\u011f\u0131rl\u0131\u011f\u0131n\u0131n yakla\u015f\u0131k %40&#8217;\u0131ndan kurtulunca kar\u015f\u0131m\u0131za bamba\u015fka bir anahtar \u00e7\u0131k\u0131yor. Bu radikal de\u011fi\u015fiklik anahtar \u00fczerinde yakla\u015f\u0131k 150 y\u0131ld\u0131r ger\u00e7ekle\u015ftirilemeyen bir yeniliktir. <b><br \/>\n<br \/>Siz de anahtarlar\u0131n\u0131z\u0131 yenileyin! Anahtarlar\u0131n\u0131z fazla a\u011f\u0131rl\u0131klardan kurtulsun!<br \/>\n<br \/><\/b>Bunun i\u00e7in yapman\u0131z gereken tek \u015fey yolunuzun \u00fczerindeki ehliyetli bir <\/center><br \/>\n<center>anahtarc\u0131ya u\u011fray\u0131p Slot&#8217;un Yeni Anahtar\u0131yla tan\u0131\u015fmak.<\/center><br \/>\n<center><\/center><br \/>\n<center><\/center><br \/>\n<center><\/p>\n<hr>\n<p><\/center><br \/>\n<center><br \/>\n<object title=\"FLASH\" codebase=\"http:\/\/download.macromedia.com\/pub\/shockwave\/cabs\/flash\/swflash.cab#version=7,0,19,0\" classid=\"clsid:D27CDB6E-AE6D-11cf-96B8-444553540000\" height=\"140\" width=\"240\"><param name=\"_cx\" value=\"6350\"><param name=\"_cy\" value=\"3704\"><param name=\"FlashVars\" value=\"\"><param name=\"Movie\" value=\"\/animasyon.swf\"><param name=\"Src\" value=\"\/animasyon.swf\"><param name=\"WMode\" value=\"Window\"><param name=\"Play\" value=\"-1\"><param name=\"Loop\" value=\"-1\"><param name=\"Quality\" value=\"High\"><param name=\"SAlign\" value=\"\"><param name=\"Menu\" value=\"-1\"><param name=\"Base\" value=\"\"><param name=\"AllowScriptAccess\" value=\"\"><param name=\"Scale\" value=\"ShowAll\"><param name=\"DeviceFont\" value=\"0\"><param name=\"EmbedMovie\" value=\"0\"><param name=\"BGColor\" value=\"\"><param name=\"SWRemote\" value=\"\"><param name=\"MovieData\" value=\"\"><param name=\"SeamlessTabbing\" value=\"1\"><param name=\"Profile\" value=\"0\"><param name=\"ProfileAddress\" value=\"\"><param name=\"ProfilePort\" value=\"0\"><param name=\"AllowNetworking\" value=\"all\"><param name=\"AllowFullScreen\" value=\"false\"><embed src=\"\/animasyon.swf\" quality=\"high\" pluginspage=\"http:\/\/www.macromedia.com\/go\/getflashplayer\" type=\"application\/x-shockwave-flash\" height=\"140\" width=\"240\"><\/object><\/center><br \/>\n<center><\/p>\n<hr>\n<p><\/center><br \/>\n<center><\/center><br \/>\n<center><span class=\"style10\"><b><font color=\"#660000\">\u0130\u015fte yepyeni bir \u00e7\u00f6z\u00fcm!<\/font><\/b> <\/span><\/p>\n<p>Mevcut kilidinizi de\u011fi\u015ftirmenize gerek kalmadan yaln\u0131zca anahtarlar\u0131n\u0131z\u0131 de\u011fi\u015ftirerek sahip olabilece\u011finiz \u00e7ok farkl\u0131 bir tasar\u0131m&#8230;<\/center><br \/>\n<center>Slot, i\u00e7inde anahtarlar\u0131n ileri geri hareket edebildi\u011fi 3.5 x 6 cm. boyutlar\u0131nda bir kasa<br \/>\n<br \/>ve bu kasaya \u00f6zel \u015fekillendirilmi\u015f anahtarlardan olu\u015fan bir sistemdir.<\/center><br \/>\n<center><\/center><br \/>\n<center><span style=\"WIDOWS: 2; TEXT-TRANSFORM: none; TEXT-INDENT: 0px; BORDER-COLLAPSE: separate; FONT: medium 'Times New Roman'; WHITE-SPACE: normal; ORPHANS: 2; LETTER-SPACING: normal; COLOR: rgb(0,0,0); WORD-SPACING: 0px; -webkit-border-horizontal-spacing: 0px; -webkit-border-vertical-spacing: 0px; -webkit-text-decorations-in-effect: none; -webkit-text-size-adjust: auto; -webkit-text-stroke-width: 0px\" class=\"Apple-style-span\"><span style=\"-webkit-border-horizontal-spacing: 2px; -webkit-border-vertical-spacing: 2px\" class=\"Apple-style-span\"><\/p>\n<p style=\"FONT-STYLE: italic; FONT-FAMILY: 'Times New Roman', Times, serif; COLOR: rgb(0,51,204); FONT-WEIGHT: bold\" class=\"style10\"><b>\u00c7ivisini \u00c7\u0131kard\u0131k&#8230;<\/b>\n<\/p>\n<p style=\"FONT-STYLE: italic; FONT-FAMILY: 'Times New Roman', Times, serif; COLOR: rgb(0,51,204); FONT-WEIGHT: bold\" class=\"style10\"><b>Cebinizi en \u00e7ok rahats\u0131z eden ve ta\u015f\u0131maktan ho\u015flanmad\u0131\u011f\u0131m\u0131z<br \/>\n<br \/>&#8220;\u00c7ivi&#8221; anahtarlar art\u0131k sorun olmaktan \u00e7\u0131kt\u0131!<\/b> <\/p>\n<p><\/span><\/span><\/center><\/td>\n","protected":false},"excerpt":{"rendered":"<p>Anahtarlar\u0131 fazla kilolar\u0131ndan kurtard\u0131k! Solda Slot \u00f6ncesi s\u0131radan bir anahtar g\u00f6r\u00fcl\u00fcyor. Slot sayesinde a\u011f\u0131rl\u0131\u011f\u0131n\u0131n yakla\u015f\u0131k %40&#8217;\u0131ndan kurtulunca kar\u015f\u0131m\u0131za bamba\u015fka bir anahtar \u00e7\u0131k\u0131yor. Bu radikal de\u011fi\u015fiklik anahtar \u00fczerinde yakla\u015f\u0131k 150 y\u0131ld\u0131r ger\u00e7ekle\u015ftirilemeyen bir yeniliktir. Siz de anahtarlar\u0131n\u0131z\u0131 yenileyin! Anahtarlar\u0131n\u0131z fazla a\u011f\u0131rl\u0131klardan kurtulsun! Bunun i\u00e7in yapman\u0131z gereken tek \u015fey yolunuzun \u00fczerindeki ehliyetli bir anahtarc\u0131ya u\u011fray\u0131p Slot&#8217;un Yeni [&hellip;]<\/p>\n","protected":false},"author":1,"featured_media":0,"parent":83,"menu_order":3,"comment_status":"closed","ping_status":"closed","template":"","meta":{"footnotes":""},"_links":{"self":[{"href":"https:\/\/www.guvencilingir.com\/index.php\/wp-json\/wp\/v2\/pages\/126"}],"collection":[{"href":"https:\/\/www.guvencilingir.com\/index.php\/wp-json\/wp\/v2\/pages"}],"about":[{"href":"https:\/\/www.guvencilingir.com\/index.php\/wp-json\/wp\/v2\/types\/page"}],"author":[{"embeddable":true,"href":"https:\/\/www.guvencilingir.com\/index.php\/wp-json\/wp\/v2\/users\/1"}],"replies":[{"embeddable":true,"href":"https:\/\/www.guvencilingir.com\/index.php\/wp-json\/wp\/v2\/comments?post=126"}],"version-history":[{"count":5,"href":"https:\/\/www.guvencilingir.com\/index.php\/wp-json\/wp\/v2\/pages\/126\/revisions"}],"predecessor-version":[{"id":131,"href":"https:\/\/www.guvencilingir.com\/index.php\/wp-json\/wp\/v2\/pages\/126\/revisions\/131"}],"up":[{"embeddable":true,"href":"https:\/\/www.guvencilingir.com\/index.php\/wp-json\/wp\/v2\/pages\/83"}],"wp:attachment":[{"href":"https:\/\/www.guvencilingir.com\/index.php\/wp-json\/wp\/v2\/media?parent=126"}],"curies":[{"name":"wp","href":"https:\/\/api.w.org\/{rel}","templated":true}]}}