{"id":167,"date":"2015-12-14T19:11:07","date_gmt":"2015-12-14T17:11:07","guid":{"rendered":"http:\/\/www.guvencilingir.com\/?page_id=167"},"modified":"2015-12-14T19:11:07","modified_gmt":"2015-12-14T17:11:07","slug":"ic-kapi-gomme-kilitleri","status":"publish","type":"page","link":"https:\/\/www.guvencilingir.com\/index.php\/urunler\/ic-kapi-gomme-kilitleri\/","title":{"rendered":"\u0130\u00c7 KAPI G\u00d6MME K\u0130L\u0130TLER\u0130"},"content":{"rendered":"\n\t\t<style type=\"text\/css\">\n\t\t\t#gallery-1 {\n\t\t\t\tmargin: auto;\n\t\t\t}\n\t\t\t#gallery-1 .gallery-item {\n\t\t\t\tfloat: left;\n\t\t\t\tmargin-top: 10px;\n\t\t\t\ttext-align: center;\n\t\t\t\twidth: 50%;\n\t\t\t}\n\t\t\t#gallery-1 img {\n\t\t\t\tborder: 2px solid #cfcfcf;\n\t\t\t}\n\t\t\t#gallery-1 .gallery-caption {\n\t\t\t\tmargin-left: 0;\n\t\t\t}\n\t\t\t\/* see gallery_shortcode() in wp-includes\/media.php *\/\n\t\t<\/style>\n\t\t<div id='gallery-1' class='gallery galleryid-167 gallery-columns-2 gallery-size-thumbnail'><dl class='gallery-item'>\n\t\t\t<dt class='gallery-icon portrait'>\n\t\t\t\t<a href='https:\/\/www.guvencilingir.com\/wp-content\/uploads\/2015\/12\/11.jpg' rel='shadowbox[album-167];player=img;'><img loading=\"lazy\" decoding=\"async\" width=\"143\" height=\"150\" src=\"https:\/\/www.guvencilingir.com\/wp-content\/uploads\/2015\/12\/11-143x150.jpg\" class=\"attachment-thumbnail size-thumbnail\" alt=\"\" \/><\/a>\n\t\t\t<\/dt><\/dl><dl class='gallery-item'>\n\t\t\t<dt class='gallery-icon portrait'>\n\t\t\t\t<a href='https:\/\/www.guvencilingir.com\/wp-content\/uploads\/2015\/12\/12.jpg' rel='shadowbox[album-167];player=img;'><img loading=\"lazy\" decoding=\"async\" width=\"143\" height=\"150\" src=\"https:\/\/www.guvencilingir.com\/wp-content\/uploads\/2015\/12\/12-143x150.jpg\" class=\"attachment-thumbnail size-thumbnail\" alt=\"\" \/><\/a>\n\t\t\t<\/dt><\/dl><br style=\"clear: both\" \/><dl class='gallery-item'>\n\t\t\t<dt class='gallery-icon portrait'>\n\t\t\t\t<a href='https:\/\/www.guvencilingir.com\/wp-content\/uploads\/2015\/12\/13.jpg' rel='shadowbox[album-167];player=img;'><img loading=\"lazy\" decoding=\"async\" width=\"143\" height=\"150\" src=\"https:\/\/www.guvencilingir.com\/wp-content\/uploads\/2015\/12\/13-143x150.jpg\" class=\"attachment-thumbnail size-thumbnail\" alt=\"\" \/><\/a>\n\t\t\t<\/dt><\/dl><dl class='gallery-item'>\n\t\t\t<dt class='gallery-icon portrait'>\n\t\t\t\t<a href='https:\/\/www.guvencilingir.com\/wp-content\/uploads\/2015\/12\/21.jpg' rel='shadowbox[album-167];player=img;'><img loading=\"lazy\" decoding=\"async\" width=\"143\" height=\"150\" src=\"https:\/\/www.guvencilingir.com\/wp-content\/uploads\/2015\/12\/21-143x150.jpg\" class=\"attachment-thumbnail size-thumbnail\" alt=\"\" \/><\/a>\n\t\t\t<\/dt><\/dl><br style=\"clear: both\" \/><dl class='gallery-item'>\n\t\t\t<dt class='gallery-icon portrait'>\n\t\t\t\t<a href='https:\/\/www.guvencilingir.com\/wp-content\/uploads\/2015\/12\/22.jpg' rel='shadowbox[album-167];player=img;'><img loading=\"lazy\" decoding=\"async\" width=\"143\" height=\"150\" src=\"https:\/\/www.guvencilingir.com\/wp-content\/uploads\/2015\/12\/22-143x150.jpg\" class=\"attachment-thumbnail size-thumbnail\" alt=\"\" \/><\/a>\n\t\t\t<\/dt><\/dl><dl class='gallery-item'>\n\t\t\t<dt class='gallery-icon portrait'>\n\t\t\t\t<a href='https:\/\/www.guvencilingir.com\/wp-content\/uploads\/2015\/12\/23.jpg' rel='shadowbox[album-167];player=img;'><img loading=\"lazy\" decoding=\"async\" width=\"143\" height=\"150\" src=\"https:\/\/www.guvencilingir.com\/wp-content\/uploads\/2015\/12\/23-143x150.jpg\" class=\"attachment-thumbnail size-thumbnail\" alt=\"\" \/><\/a>\n\t\t\t<\/dt><\/dl><br style=\"clear: both\" \/><dl class='gallery-item'>\n\t\t\t<dt class='gallery-icon portrait'>\n\t\t\t\t<a href='https:\/\/www.guvencilingir.com\/wp-content\/uploads\/2015\/12\/31.jpg' rel='shadowbox[album-167];player=img;'><img loading=\"lazy\" decoding=\"async\" width=\"143\" height=\"150\" src=\"https:\/\/www.guvencilingir.com\/wp-content\/uploads\/2015\/12\/31-143x150.jpg\" class=\"attachment-thumbnail size-thumbnail\" alt=\"\" \/><\/a>\n\t\t\t<\/dt><\/dl><dl class='gallery-item'>\n\t\t\t<dt class='gallery-icon portrait'>\n\t\t\t\t<a href='https:\/\/www.guvencilingir.com\/wp-content\/uploads\/2015\/12\/32.jpg' rel='shadowbox[album-167];player=img;'><img loading=\"lazy\" decoding=\"async\" width=\"143\" height=\"150\" src=\"https:\/\/www.guvencilingir.com\/wp-content\/uploads\/2015\/12\/32-143x150.jpg\" class=\"attachment-thumbnail size-thumbnail\" alt=\"\" \/><\/a>\n\t\t\t<\/dt><\/dl><br style=\"clear: both\" \/><dl class='gallery-item'>\n\t\t\t<dt class='gallery-icon portrait'>\n\t\t\t\t<a href='https:\/\/www.guvencilingir.com\/wp-content\/uploads\/2015\/12\/33.jpg' rel='shadowbox[album-167];player=img;'><img loading=\"lazy\" decoding=\"async\" width=\"143\" height=\"150\" src=\"https:\/\/www.guvencilingir.com\/wp-content\/uploads\/2015\/12\/33-143x150.jpg\" class=\"attachment-thumbnail size-thumbnail\" alt=\"\" \/><\/a>\n\t\t\t<\/dt><\/dl><dl class='gallery-item'>\n\t\t\t<dt class='gallery-icon portrait'>\n\t\t\t\t<a href='https:\/\/www.guvencilingir.com\/wp-content\/uploads\/2015\/12\/41.jpg' rel='shadowbox[album-167];player=img;'><img loading=\"lazy\" decoding=\"async\" width=\"143\" height=\"150\" src=\"https:\/\/www.guvencilingir.com\/wp-content\/uploads\/2015\/12\/41-143x150.jpg\" class=\"attachment-thumbnail size-thumbnail\" alt=\"\" \/><\/a>\n\t\t\t<\/dt><\/dl><br style=\"clear: both\" \/><dl class='gallery-item'>\n\t\t\t<dt class='gallery-icon portrait'>\n\t\t\t\t<a href='https:\/\/www.guvencilingir.com\/wp-content\/uploads\/2015\/12\/42.jpg' rel='shadowbox[album-167];player=img;'><img loading=\"lazy\" decoding=\"async\" width=\"143\" height=\"150\" src=\"https:\/\/www.guvencilingir.com\/wp-content\/uploads\/2015\/12\/42-143x150.jpg\" class=\"attachment-thumbnail size-thumbnail\" alt=\"\" \/><\/a>\n\t\t\t<\/dt><\/dl><dl class='gallery-item'>\n\t\t\t<dt class='gallery-icon portrait'>\n\t\t\t\t<a href='https:\/\/www.guvencilingir.com\/wp-content\/uploads\/2015\/12\/43.jpg' rel='shadowbox[album-167];player=img;'><img loading=\"lazy\" decoding=\"async\" width=\"143\" height=\"150\" src=\"https:\/\/www.guvencilingir.com\/wp-content\/uploads\/2015\/12\/43-143x150.jpg\" class=\"attachment-thumbnail size-thumbnail\" alt=\"\" \/><\/a>\n\t\t\t<\/dt><\/dl><br style=\"clear: both\" \/><dl class='gallery-item'>\n\t\t\t<dt class='gallery-icon portrait'>\n\t\t\t\t<a href='https:\/\/www.guvencilingir.com\/wp-content\/uploads\/2015\/12\/51.jpg' rel='shadowbox[album-167];player=img;'><img loading=\"lazy\" decoding=\"async\" width=\"143\" height=\"150\" src=\"https:\/\/www.guvencilingir.com\/wp-content\/uploads\/2015\/12\/51-143x150.jpg\" class=\"attachment-thumbnail size-thumbnail\" alt=\"\" \/><\/a>\n\t\t\t<\/dt><\/dl><dl class='gallery-item'>\n\t\t\t<dt class='gallery-icon portrait'>\n\t\t\t\t<a href='https:\/\/www.guvencilingir.com\/wp-content\/uploads\/2015\/12\/52.jpg' rel='shadowbox[album-167];player=img;'><img loading=\"lazy\" decoding=\"async\" width=\"143\" height=\"150\" src=\"https:\/\/www.guvencilingir.com\/wp-content\/uploads\/2015\/12\/52-143x150.jpg\" class=\"attachment-thumbnail size-thumbnail\" alt=\"\" \/><\/a>\n\t\t\t<\/dt><\/dl><br style=\"clear: both\" \/><dl class='gallery-item'>\n\t\t\t<dt class='gallery-icon portrait'>\n\t\t\t\t<a href='https:\/\/www.guvencilingir.com\/wp-content\/uploads\/2015\/12\/53.jpg' rel='shadowbox[album-167];player=img;'><img loading=\"lazy\" decoding=\"async\" width=\"143\" height=\"150\" src=\"https:\/\/www.guvencilingir.com\/wp-content\/uploads\/2015\/12\/53-143x150.jpg\" class=\"attachment-thumbnail size-thumbnail\" alt=\"\" \/><\/a>\n\t\t\t<\/dt><\/dl><dl class='gallery-item'>\n\t\t\t<dt class='gallery-icon portrait'>\n\t\t\t\t<a href='https:\/\/www.guvencilingir.com\/wp-content\/uploads\/2015\/12\/61.jpg' rel='shadowbox[album-167];player=img;'><img loading=\"lazy\" decoding=\"async\" width=\"143\" height=\"150\" src=\"https:\/\/www.guvencilingir.com\/wp-content\/uploads\/2015\/12\/61-143x150.jpg\" class=\"attachment-thumbnail size-thumbnail\" alt=\"\" \/><\/a>\n\t\t\t<\/dt><\/dl><br style=\"clear: both\" \/><dl class='gallery-item'>\n\t\t\t<dt class='gallery-icon portrait'>\n\t\t\t\t<a href='https:\/\/www.guvencilingir.com\/wp-content\/uploads\/2015\/12\/62.jpg' rel='shadowbox[album-167];player=img;'><img loading=\"lazy\" decoding=\"async\" width=\"143\" height=\"150\" src=\"https:\/\/www.guvencilingir.com\/wp-content\/uploads\/2015\/12\/62-143x150.jpg\" class=\"attachment-thumbnail size-thumbnail\" alt=\"\" \/><\/a>\n\t\t\t<\/dt><\/dl><dl class='gallery-item'>\n\t\t\t<dt class='gallery-icon portrait'>\n\t\t\t\t<a href='https:\/\/www.guvencilingir.com\/wp-content\/uploads\/2015\/12\/63.jpg' rel='shadowbox[album-167];player=img;'><img loading=\"lazy\" decoding=\"async\" width=\"143\" height=\"150\" src=\"https:\/\/www.guvencilingir.com\/wp-content\/uploads\/2015\/12\/63-143x150.jpg\" class=\"attachment-thumbnail size-thumbnail\" alt=\"\" \/><\/a>\n\t\t\t<\/dt><\/dl><br style=\"clear: both\" \/><dl class='gallery-item'>\n\t\t\t<dt class='gallery-icon portrait'>\n\t\t\t\t<a href='https:\/\/www.guvencilingir.com\/wp-content\/uploads\/2015\/12\/71.jpg' rel='shadowbox[album-167];player=img;'><img loading=\"lazy\" decoding=\"async\" width=\"143\" height=\"150\" src=\"https:\/\/www.guvencilingir.com\/wp-content\/uploads\/2015\/12\/71-143x150.jpg\" class=\"attachment-thumbnail size-thumbnail\" alt=\"\" \/><\/a>\n\t\t\t<\/dt><\/dl><dl class='gallery-item'>\n\t\t\t<dt class='gallery-icon portrait'>\n\t\t\t\t<a href='https:\/\/www.guvencilingir.com\/wp-content\/uploads\/2015\/12\/72.jpg' rel='shadowbox[album-167];player=img;'><img loading=\"lazy\" decoding=\"async\" width=\"143\" height=\"150\" src=\"https:\/\/www.guvencilingir.com\/wp-content\/uploads\/2015\/12\/72-143x150.jpg\" class=\"attachment-thumbnail size-thumbnail\" alt=\"\" \/><\/a>\n\t\t\t<\/dt><\/dl><br style=\"clear: both\" \/><dl class='gallery-item'>\n\t\t\t<dt class='gallery-icon landscape'>\n\t\t\t\t<a href='https:\/\/www.guvencilingir.com\/wp-content\/uploads\/2015\/12\/73.jpg' rel='shadowbox[album-167];player=img;'><img loading=\"lazy\" decoding=\"async\" width=\"150\" height=\"150\" src=\"https:\/\/www.guvencilingir.com\/wp-content\/uploads\/2015\/12\/73-150x150.jpg\" class=\"attachment-thumbnail size-thumbnail\" alt=\"\" srcset=\"https:\/\/www.guvencilingir.com\/wp-content\/uploads\/2015\/12\/73-150x150.jpg 150w, https:\/\/www.guvencilingir.com\/wp-content\/uploads\/2015\/12\/73-144x144.jpg 144w, https:\/\/www.guvencilingir.com\/wp-content\/uploads\/2015\/12\/73.jpg 250w\" sizes=\"(max-width: 150px) 100vw, 150px\" \/><\/a>\n\t\t\t<\/dt><\/dl><dl class='gallery-item'>\n\t\t\t<dt class='gallery-icon landscape'>\n\t\t\t\t<a href='https:\/\/www.guvencilingir.com\/wp-content\/uploads\/2015\/12\/81.jpg' rel='shadowbox[album-167];player=img;'><img loading=\"lazy\" decoding=\"async\" width=\"150\" height=\"150\" src=\"https:\/\/www.guvencilingir.com\/wp-content\/uploads\/2015\/12\/81-150x150.jpg\" class=\"attachment-thumbnail size-thumbnail\" alt=\"\" srcset=\"https:\/\/www.guvencilingir.com\/wp-content\/uploads\/2015\/12\/81-150x150.jpg 150w, https:\/\/www.guvencilingir.com\/wp-content\/uploads\/2015\/12\/81-144x144.jpg 144w, https:\/\/www.guvencilingir.com\/wp-content\/uploads\/2015\/12\/81.jpg 250w\" sizes=\"(max-width: 150px) 100vw, 150px\" \/><\/a>\n\t\t\t<\/dt><\/dl><br style=\"clear: both\" \/>\n\t\t<\/div>\n\n","protected":false},"excerpt":{"rendered":"","protected":false},"author":1,"featured_media":0,"parent":83,"menu_order":6,"comment_status":"closed","ping_status":"closed","template":"","meta":{"footnotes":""},"_links":{"self":[{"href":"https:\/\/www.guvencilingir.com\/index.php\/wp-json\/wp\/v2\/pages\/167"}],"collection":[{"href":"https:\/\/www.guvencilingir.com\/index.php\/wp-json\/wp\/v2\/pages"}],"about":[{"href":"https:\/\/www.guvencilingir.com\/index.php\/wp-json\/wp\/v2\/types\/page"}],"author":[{"embeddable":true,"href":"https:\/\/www.guvencilingir.com\/index.php\/wp-json\/wp\/v2\/users\/1"}],"replies":[{"embeddable":true,"href":"https:\/\/www.guvencilingir.com\/index.php\/wp-json\/wp\/v2\/comments?post=167"}],"version-history":[{"count":1,"href":"https:\/\/www.guvencilingir.com\/index.php\/wp-json\/wp\/v2\/pages\/167\/revisions"}],"predecessor-version":[{"id":190,"href":"https:\/\/www.guvencilingir.com\/index.php\/wp-json\/wp\/v2\/pages\/167\/revisions\/190"}],"up":[{"embeddable":true,"href":"https:\/\/www.guvencilingir.com\/index.php\/wp-json\/wp\/v2\/pages\/83"}],"wp:attachment":[{"href":"https:\/\/www.guvencilingir.com\/index.php\/wp-json\/wp\/v2\/media?parent=167"}],"curies":[{"name":"wp","href":"https:\/\/api.w.org\/{rel}","templated":true}]}}