{"id":269,"date":"2015-12-14T19:46:52","date_gmt":"2015-12-14T17:46:52","guid":{"rendered":"http:\/\/www.guvencilingir.com\/?page_id=269"},"modified":"2015-12-14T19:46:52","modified_gmt":"2015-12-14T17:46:52","slug":"gecis-sistemleri","status":"publish","type":"page","link":"https:\/\/www.guvencilingir.com\/index.php\/urunler\/gecis-sistemleri\/","title":{"rendered":"GE\u00c7\u0130\u015e S\u0130STEMLER\u0130"},"content":{"rendered":"\n\t\t<style type=\"text\/css\">\n\t\t\t#gallery-1 {\n\t\t\t\tmargin: auto;\n\t\t\t}\n\t\t\t#gallery-1 .gallery-item {\n\t\t\t\tfloat: left;\n\t\t\t\tmargin-top: 10px;\n\t\t\t\ttext-align: center;\n\t\t\t\twidth: 50%;\n\t\t\t}\n\t\t\t#gallery-1 img {\n\t\t\t\tborder: 2px solid #cfcfcf;\n\t\t\t}\n\t\t\t#gallery-1 .gallery-caption {\n\t\t\t\tmargin-left: 0;\n\t\t\t}\n\t\t\t\/* see gallery_shortcode() in wp-includes\/media.php *\/\n\t\t<\/style>\n\t\t<div id='gallery-1' class='gallery galleryid-269 gallery-columns-2 gallery-size-thumbnail'><dl class='gallery-item'>\n\t\t\t<dt class='gallery-icon portrait'>\n\t\t\t\t<a href='https:\/\/www.guvencilingir.com\/wp-content\/uploads\/2015\/12\/x5.jpg' rel='shadowbox[album-269];player=img;'><img loading=\"lazy\" decoding=\"async\" width=\"150\" height=\"150\" src=\"https:\/\/www.guvencilingir.com\/wp-content\/uploads\/2015\/12\/x5-150x150.jpg\" class=\"attachment-thumbnail size-thumbnail\" alt=\"\" srcset=\"https:\/\/www.guvencilingir.com\/wp-content\/uploads\/2015\/12\/x5-150x150.jpg 150w, https:\/\/www.guvencilingir.com\/wp-content\/uploads\/2015\/12\/x5-144x144.jpg 144w\" sizes=\"(max-width: 150px) 100vw, 150px\" \/><\/a>\n\t\t\t<\/dt><\/dl><dl class='gallery-item'>\n\t\t\t<dt class='gallery-icon landscape'>\n\t\t\t\t<a href='https:\/\/www.guvencilingir.com\/wp-content\/uploads\/2015\/12\/x5-1.jpg' rel='shadowbox[album-269];player=img;'><img loading=\"lazy\" decoding=\"async\" width=\"150\" height=\"150\" src=\"https:\/\/www.guvencilingir.com\/wp-content\/uploads\/2015\/12\/x5-1-150x150.jpg\" class=\"attachment-thumbnail size-thumbnail\" alt=\"\" srcset=\"https:\/\/www.guvencilingir.com\/wp-content\/uploads\/2015\/12\/x5-1-150x150.jpg 150w, https:\/\/www.guvencilingir.com\/wp-content\/uploads\/2015\/12\/x5-1-144x144.jpg 144w\" sizes=\"(max-width: 150px) 100vw, 150px\" \/><\/a>\n\t\t\t<\/dt><\/dl><br style=\"clear: both\" \/><dl class='gallery-item'>\n\t\t\t<dt class='gallery-icon landscape'>\n\t\t\t\t<a href='https:\/\/www.guvencilingir.com\/wp-content\/uploads\/2015\/12\/xd1.jpg' rel='shadowbox[album-269];player=img;'><img loading=\"lazy\" decoding=\"async\" width=\"150\" height=\"150\" src=\"https:\/\/www.guvencilingir.com\/wp-content\/uploads\/2015\/12\/xd1-150x150.jpg\" class=\"attachment-thumbnail size-thumbnail\" alt=\"\" srcset=\"https:\/\/www.guvencilingir.com\/wp-content\/uploads\/2015\/12\/xd1-150x150.jpg 150w, https:\/\/www.guvencilingir.com\/wp-content\/uploads\/2015\/12\/xd1-144x144.jpg 144w, https:\/\/www.guvencilingir.com\/wp-content\/uploads\/2015\/12\/xd1.jpg 200w\" sizes=\"(max-width: 150px) 100vw, 150px\" \/><\/a>\n\t\t\t<\/dt><\/dl><dl class='gallery-item'>\n\t\t\t<dt class='gallery-icon landscape'>\n\t\t\t\t<a href='https:\/\/www.guvencilingir.com\/wp-content\/uploads\/2015\/12\/xd2.jpg' rel='shadowbox[album-269];player=img;'><img loading=\"lazy\" decoding=\"async\" width=\"150\" height=\"150\" src=\"https:\/\/www.guvencilingir.com\/wp-content\/uploads\/2015\/12\/xd2-150x150.jpg\" class=\"attachment-thumbnail size-thumbnail\" alt=\"\" srcset=\"https:\/\/www.guvencilingir.com\/wp-content\/uploads\/2015\/12\/xd2-150x150.jpg 150w, https:\/\/www.guvencilingir.com\/wp-content\/uploads\/2015\/12\/xd2-144x144.jpg 144w, https:\/\/www.guvencilingir.com\/wp-content\/uploads\/2015\/12\/xd2.jpg 200w\" sizes=\"(max-width: 150px) 100vw, 150px\" \/><\/a>\n\t\t\t<\/dt><\/dl><br style=\"clear: both\" \/><dl class='gallery-item'>\n\t\t\t<dt class='gallery-icon portrait'>\n\t\t\t\t<a href='https:\/\/www.guvencilingir.com\/wp-content\/uploads\/2015\/12\/xd10.jpg' rel='shadowbox[album-269];player=img;'><img loading=\"lazy\" decoding=\"async\" width=\"96\" height=\"150\" src=\"https:\/\/www.guvencilingir.com\/wp-content\/uploads\/2015\/12\/xd10-96x150.jpg\" class=\"attachment-thumbnail size-thumbnail\" alt=\"\" \/><\/a>\n\t\t\t<\/dt><\/dl><dl class='gallery-item'>\n\t\t\t<dt class='gallery-icon portrait'>\n\t\t\t\t<a href='https:\/\/www.guvencilingir.com\/wp-content\/uploads\/2015\/12\/xd10-1.jpg' rel='shadowbox[album-269];player=img;'><img loading=\"lazy\" decoding=\"async\" width=\"150\" height=\"150\" src=\"https:\/\/www.guvencilingir.com\/wp-content\/uploads\/2015\/12\/xd10-1-150x150.jpg\" class=\"attachment-thumbnail size-thumbnail\" alt=\"\" srcset=\"https:\/\/www.guvencilingir.com\/wp-content\/uploads\/2015\/12\/xd10-1-150x150.jpg 150w, https:\/\/www.guvencilingir.com\/wp-content\/uploads\/2015\/12\/xd10-1-144x144.jpg 144w\" sizes=\"(max-width: 150px) 100vw, 150px\" \/><\/a>\n\t\t\t<\/dt><\/dl><br style=\"clear: both\" \/><dl class='gallery-item'>\n\t\t\t<dt class='gallery-icon landscape'>\n\t\t\t\t<a href='https:\/\/www.guvencilingir.com\/wp-content\/uploads\/2015\/12\/xg1.jpg' rel='shadowbox[album-269];player=img;'><img loading=\"lazy\" decoding=\"async\" width=\"150\" height=\"150\" src=\"https:\/\/www.guvencilingir.com\/wp-content\/uploads\/2015\/12\/xg1-150x150.jpg\" class=\"attachment-thumbnail size-thumbnail\" alt=\"\" srcset=\"https:\/\/www.guvencilingir.com\/wp-content\/uploads\/2015\/12\/xg1-150x150.jpg 150w, https:\/\/www.guvencilingir.com\/wp-content\/uploads\/2015\/12\/xg1-144x144.jpg 144w, https:\/\/www.guvencilingir.com\/wp-content\/uploads\/2015\/12\/xg1.jpg 200w\" sizes=\"(max-width: 150px) 100vw, 150px\" \/><\/a>\n\t\t\t<\/dt><\/dl><dl class='gallery-item'>\n\t\t\t<dt class='gallery-icon landscape'>\n\t\t\t\t<a href='https:\/\/www.guvencilingir.com\/wp-content\/uploads\/2015\/12\/xg2.jpg' rel='shadowbox[album-269];player=img;'><img loading=\"lazy\" decoding=\"async\" width=\"150\" height=\"150\" src=\"https:\/\/www.guvencilingir.com\/wp-content\/uploads\/2015\/12\/xg2-150x150.jpg\" class=\"attachment-thumbnail size-thumbnail\" alt=\"\" srcset=\"https:\/\/www.guvencilingir.com\/wp-content\/uploads\/2015\/12\/xg2-150x150.jpg 150w, https:\/\/www.guvencilingir.com\/wp-content\/uploads\/2015\/12\/xg2-144x144.jpg 144w, https:\/\/www.guvencilingir.com\/wp-content\/uploads\/2015\/12\/xg2.jpg 200w\" sizes=\"(max-width: 150px) 100vw, 150px\" \/><\/a>\n\t\t\t<\/dt><\/dl><br style=\"clear: both\" \/><dl class='gallery-item'>\n\t\t\t<dt class='gallery-icon landscape'>\n\t\t\t\t<a href='https:\/\/www.guvencilingir.com\/wp-content\/uploads\/2015\/12\/xg3.jpg' rel='shadowbox[album-269];player=img;'><img loading=\"lazy\" decoding=\"async\" width=\"150\" height=\"150\" src=\"https:\/\/www.guvencilingir.com\/wp-content\/uploads\/2015\/12\/xg3-150x150.jpg\" class=\"attachment-thumbnail size-thumbnail\" alt=\"\" srcset=\"https:\/\/www.guvencilingir.com\/wp-content\/uploads\/2015\/12\/xg3-150x150.jpg 150w, https:\/\/www.guvencilingir.com\/wp-content\/uploads\/2015\/12\/xg3-144x144.jpg 144w, https:\/\/www.guvencilingir.com\/wp-content\/uploads\/2015\/12\/xg3.jpg 200w\" sizes=\"(max-width: 150px) 100vw, 150px\" \/><\/a>\n\t\t\t<\/dt><\/dl><dl class='gallery-item'>\n\t\t\t<dt class='gallery-icon landscape'>\n\t\t\t\t<a href='https:\/\/www.guvencilingir.com\/wp-content\/uploads\/2015\/12\/xg4.jpg' rel='shadowbox[album-269];player=img;'><img loading=\"lazy\" decoding=\"async\" width=\"150\" height=\"150\" src=\"https:\/\/www.guvencilingir.com\/wp-content\/uploads\/2015\/12\/xg4-150x150.jpg\" class=\"attachment-thumbnail size-thumbnail\" alt=\"\" srcset=\"https:\/\/www.guvencilingir.com\/wp-content\/uploads\/2015\/12\/xg4-150x150.jpg 150w, https:\/\/www.guvencilingir.com\/wp-content\/uploads\/2015\/12\/xg4-144x144.jpg 144w, https:\/\/www.guvencilingir.com\/wp-content\/uploads\/2015\/12\/xg4.jpg 200w\" sizes=\"(max-width: 150px) 100vw, 150px\" \/><\/a>\n\t\t\t<\/dt><\/dl><br style=\"clear: both\" \/><dl class='gallery-item'>\n\t\t\t<dt class='gallery-icon landscape'>\n\t\t\t\t<a href='https:\/\/www.guvencilingir.com\/wp-content\/uploads\/2015\/12\/xs1.jpg' rel='shadowbox[album-269];player=img;'><img loading=\"lazy\" decoding=\"async\" width=\"150\" height=\"150\" src=\"https:\/\/www.guvencilingir.com\/wp-content\/uploads\/2015\/12\/xs1-150x150.jpg\" class=\"attachment-thumbnail size-thumbnail\" alt=\"\" srcset=\"https:\/\/www.guvencilingir.com\/wp-content\/uploads\/2015\/12\/xs1-150x150.jpg 150w, https:\/\/www.guvencilingir.com\/wp-content\/uploads\/2015\/12\/xs1-144x144.jpg 144w, https:\/\/www.guvencilingir.com\/wp-content\/uploads\/2015\/12\/xs1.jpg 200w\" sizes=\"(max-width: 150px) 100vw, 150px\" \/><\/a>\n\t\t\t<\/dt><\/dl><dl class='gallery-item'>\n\t\t\t<dt class='gallery-icon landscape'>\n\t\t\t\t<a href='https:\/\/www.guvencilingir.com\/wp-content\/uploads\/2015\/12\/xs2.jpg' rel='shadowbox[album-269];player=img;'><img loading=\"lazy\" decoding=\"async\" width=\"150\" height=\"150\" src=\"https:\/\/www.guvencilingir.com\/wp-content\/uploads\/2015\/12\/xs2-150x150.jpg\" class=\"attachment-thumbnail size-thumbnail\" alt=\"\" srcset=\"https:\/\/www.guvencilingir.com\/wp-content\/uploads\/2015\/12\/xs2-150x150.jpg 150w, https:\/\/www.guvencilingir.com\/wp-content\/uploads\/2015\/12\/xs2-144x144.jpg 144w, https:\/\/www.guvencilingir.com\/wp-content\/uploads\/2015\/12\/xs2.jpg 200w\" sizes=\"(max-width: 150px) 100vw, 150px\" \/><\/a>\n\t\t\t<\/dt><\/dl><br style=\"clear: both\" \/><dl class='gallery-item'>\n\t\t\t<dt class='gallery-icon landscape'>\n\t\t\t\t<a href='https:\/\/www.guvencilingir.com\/wp-content\/uploads\/2015\/12\/xt.jpg' rel='shadowbox[album-269];player=img;'><img loading=\"lazy\" decoding=\"async\" width=\"150\" height=\"150\" src=\"https:\/\/www.guvencilingir.com\/wp-content\/uploads\/2015\/12\/xt-150x150.jpg\" class=\"attachment-thumbnail size-thumbnail\" alt=\"\" srcset=\"https:\/\/www.guvencilingir.com\/wp-content\/uploads\/2015\/12\/xt-150x150.jpg 150w, https:\/\/www.guvencilingir.com\/wp-content\/uploads\/2015\/12\/xt-144x144.jpg 144w\" sizes=\"(max-width: 150px) 100vw, 150px\" \/><\/a>\n\t\t\t<\/dt><\/dl><dl class='gallery-item'>\n\t\t\t<dt class='gallery-icon portrait'>\n\t\t\t\t<a href='https:\/\/www.guvencilingir.com\/wp-content\/uploads\/2015\/12\/DK10.jpg' rel='shadowbox[album-269];player=img;'><img loading=\"lazy\" decoding=\"async\" width=\"150\" height=\"150\" src=\"https:\/\/www.guvencilingir.com\/wp-content\/uploads\/2015\/12\/DK10-150x150.jpg\" class=\"attachment-thumbnail size-thumbnail\" alt=\"\" srcset=\"https:\/\/www.guvencilingir.com\/wp-content\/uploads\/2015\/12\/DK10-150x150.jpg 150w, https:\/\/www.guvencilingir.com\/wp-content\/uploads\/2015\/12\/DK10-144x144.jpg 144w\" sizes=\"(max-width: 150px) 100vw, 150px\" \/><\/a>\n\t\t\t<\/dt><\/dl><br style=\"clear: both\" \/><dl class='gallery-item'>\n\t\t\t<dt class='gallery-icon portrait'>\n\t\t\t\t<a href='https:\/\/www.guvencilingir.com\/wp-content\/uploads\/2015\/12\/elektronik_kilit_xd_2.jpg' rel='shadowbox[album-269];player=img;'><img loading=\"lazy\" decoding=\"async\" width=\"150\" height=\"150\" src=\"https:\/\/www.guvencilingir.com\/wp-content\/uploads\/2015\/12\/elektronik_kilit_xd_2-150x150.jpg\" class=\"attachment-thumbnail size-thumbnail\" alt=\"\" srcset=\"https:\/\/www.guvencilingir.com\/wp-content\/uploads\/2015\/12\/elektronik_kilit_xd_2-150x150.jpg 150w, https:\/\/www.guvencilingir.com\/wp-content\/uploads\/2015\/12\/elektronik_kilit_xd_2-144x144.jpg 144w\" sizes=\"(max-width: 150px) 100vw, 150px\" \/><\/a>\n\t\t\t<\/dt><\/dl><dl class='gallery-item'>\n\t\t\t<dt class='gallery-icon portrait'>\n\t\t\t\t<a href='https:\/\/www.guvencilingir.com\/wp-content\/uploads\/2015\/12\/elektronik_kilit_xg_2.jpg' rel='shadowbox[album-269];player=img;'><img loading=\"lazy\" decoding=\"async\" width=\"150\" height=\"150\" src=\"https:\/\/www.guvencilingir.com\/wp-content\/uploads\/2015\/12\/elektronik_kilit_xg_2-150x150.jpg\" class=\"attachment-thumbnail size-thumbnail\" alt=\"\" srcset=\"https:\/\/www.guvencilingir.com\/wp-content\/uploads\/2015\/12\/elektronik_kilit_xg_2-150x150.jpg 150w, https:\/\/www.guvencilingir.com\/wp-content\/uploads\/2015\/12\/elektronik_kilit_xg_2-144x144.jpg 144w\" sizes=\"(max-width: 150px) 100vw, 150px\" \/><\/a>\n\t\t\t<\/dt><\/dl><br style=\"clear: both\" \/><dl class='gallery-item'>\n\t\t\t<dt class='gallery-icon portrait'>\n\t\t\t\t<a href='https:\/\/www.guvencilingir.com\/wp-content\/uploads\/2015\/12\/elektronik_kilit_xs_2.jpg' rel='shadowbox[album-269];player=img;'><img loading=\"lazy\" decoding=\"async\" width=\"150\" height=\"150\" src=\"https:\/\/www.guvencilingir.com\/wp-content\/uploads\/2015\/12\/elektronik_kilit_xs_2-150x150.jpg\" class=\"attachment-thumbnail size-thumbnail\" alt=\"\" srcset=\"https:\/\/www.guvencilingir.com\/wp-content\/uploads\/2015\/12\/elektronik_kilit_xs_2-150x150.jpg 150w, https:\/\/www.guvencilingir.com\/wp-content\/uploads\/2015\/12\/elektronik_kilit_xs_2-144x144.jpg 144w\" sizes=\"(max-width: 150px) 100vw, 150px\" \/><\/a>\n\t\t\t<\/dt><\/dl><dl class='gallery-item'>\n\t\t\t<dt class='gallery-icon portrait'>\n\t\t\t\t<a href='https:\/\/www.guvencilingir.com\/wp-content\/uploads\/2015\/12\/elektronik_kilit_xt.jpg' rel='shadowbox[album-269];player=img;'><img loading=\"lazy\" decoding=\"async\" width=\"110\" height=\"150\" src=\"https:\/\/www.guvencilingir.com\/wp-content\/uploads\/2015\/12\/elektronik_kilit_xt-110x150.jpg\" class=\"attachment-thumbnail size-thumbnail\" alt=\"\" \/><\/a>\n\t\t\t<\/dt><\/dl><br style=\"clear: both\" \/><dl class='gallery-item'>\n\t\t\t<dt class='gallery-icon portrait'>\n\t\t\t\t<a href='https:\/\/www.guvencilingir.com\/wp-content\/uploads\/2015\/12\/10001002.jpg' rel='shadowbox[album-269];player=img;'><img loading=\"lazy\" decoding=\"async\" width=\"150\" height=\"150\" src=\"https:\/\/www.guvencilingir.com\/wp-content\/uploads\/2015\/12\/10001002-150x150.jpg\" class=\"attachment-thumbnail size-thumbnail\" alt=\"\" srcset=\"https:\/\/www.guvencilingir.com\/wp-content\/uploads\/2015\/12\/10001002-150x150.jpg 150w, https:\/\/www.guvencilingir.com\/wp-content\/uploads\/2015\/12\/10001002-144x144.jpg 144w\" sizes=\"(max-width: 150px) 100vw, 150px\" \/><\/a>\n\t\t\t<\/dt><\/dl><dl class='gallery-item'>\n\t\t\t<dt class='gallery-icon portrait'>\n\t\t\t\t<a href='https:\/\/www.guvencilingir.com\/wp-content\/uploads\/2015\/12\/10001003.jpg' rel='shadowbox[album-269];player=img;'><img loading=\"lazy\" decoding=\"async\" width=\"150\" height=\"150\" src=\"https:\/\/www.guvencilingir.com\/wp-content\/uploads\/2015\/12\/10001003-150x150.jpg\" class=\"attachment-thumbnail size-thumbnail\" alt=\"\" srcset=\"https:\/\/www.guvencilingir.com\/wp-content\/uploads\/2015\/12\/10001003-150x150.jpg 150w, https:\/\/www.guvencilingir.com\/wp-content\/uploads\/2015\/12\/10001003-144x144.jpg 144w\" sizes=\"(max-width: 150px) 100vw, 150px\" \/><\/a>\n\t\t\t<\/dt><\/dl><br style=\"clear: both\" \/><dl class='gallery-item'>\n\t\t\t<dt class='gallery-icon portrait'>\n\t\t\t\t<a href='https:\/\/www.guvencilingir.com\/wp-content\/uploads\/2015\/12\/10001004.jpg' rel='shadowbox[album-269];player=img;'><img loading=\"lazy\" decoding=\"async\" width=\"150\" height=\"150\" src=\"https:\/\/www.guvencilingir.com\/wp-content\/uploads\/2015\/12\/10001004-150x150.jpg\" class=\"attachment-thumbnail size-thumbnail\" alt=\"\" srcset=\"https:\/\/www.guvencilingir.com\/wp-content\/uploads\/2015\/12\/10001004-150x150.jpg 150w, https:\/\/www.guvencilingir.com\/wp-content\/uploads\/2015\/12\/10001004-144x144.jpg 144w\" sizes=\"(max-width: 150px) 100vw, 150px\" \/><\/a>\n\t\t\t<\/dt><\/dl><dl class='gallery-item'>\n\t\t\t<dt class='gallery-icon portrait'>\n\t\t\t\t<a href='https:\/\/www.guvencilingir.com\/wp-content\/uploads\/2015\/12\/10001005.jpg' rel='shadowbox[album-269];player=img;'><img loading=\"lazy\" decoding=\"async\" width=\"150\" height=\"150\" src=\"https:\/\/www.guvencilingir.com\/wp-content\/uploads\/2015\/12\/10001005-150x150.jpg\" class=\"attachment-thumbnail size-thumbnail\" alt=\"\" srcset=\"https:\/\/www.guvencilingir.com\/wp-content\/uploads\/2015\/12\/10001005-150x150.jpg 150w, https:\/\/www.guvencilingir.com\/wp-content\/uploads\/2015\/12\/10001005-144x144.jpg 144w\" sizes=\"(max-width: 150px) 100vw, 150px\" \/><\/a>\n\t\t\t<\/dt><\/dl><br style=\"clear: both\" \/><dl class='gallery-item'>\n\t\t\t<dt class='gallery-icon portrait'>\n\t\t\t\t<a href='https:\/\/www.guvencilingir.com\/wp-content\/uploads\/2015\/12\/10001006.jpg' rel='shadowbox[album-269];player=img;'><img loading=\"lazy\" decoding=\"async\" width=\"150\" height=\"150\" src=\"https:\/\/www.guvencilingir.com\/wp-content\/uploads\/2015\/12\/10001006-150x150.jpg\" class=\"attachment-thumbnail size-thumbnail\" alt=\"\" srcset=\"https:\/\/www.guvencilingir.com\/wp-content\/uploads\/2015\/12\/10001006-150x150.jpg 150w, https:\/\/www.guvencilingir.com\/wp-content\/uploads\/2015\/12\/10001006-144x144.jpg 144w\" sizes=\"(max-width: 150px) 100vw, 150px\" \/><\/a>\n\t\t\t<\/dt><\/dl><dl class='gallery-item'>\n\t\t\t<dt class='gallery-icon portrait'>\n\t\t\t\t<a href='https:\/\/www.guvencilingir.com\/wp-content\/uploads\/2015\/12\/10001007.jpg' rel='shadowbox[album-269];player=img;'><img loading=\"lazy\" decoding=\"async\" width=\"150\" height=\"150\" src=\"https:\/\/www.guvencilingir.com\/wp-content\/uploads\/2015\/12\/10001007-150x150.jpg\" class=\"attachment-thumbnail size-thumbnail\" alt=\"\" srcset=\"https:\/\/www.guvencilingir.com\/wp-content\/uploads\/2015\/12\/10001007-150x150.jpg 150w, https:\/\/www.guvencilingir.com\/wp-content\/uploads\/2015\/12\/10001007-144x144.jpg 144w\" sizes=\"(max-width: 150px) 100vw, 150px\" \/><\/a>\n\t\t\t<\/dt><\/dl><br style=\"clear: both\" \/><dl class='gallery-item'>\n\t\t\t<dt class='gallery-icon portrait'>\n\t\t\t\t<a href='https:\/\/www.guvencilingir.com\/wp-content\/uploads\/2015\/12\/10001008.jpg' rel='shadowbox[album-269];player=img;'><img loading=\"lazy\" decoding=\"async\" width=\"150\" height=\"150\" src=\"https:\/\/www.guvencilingir.com\/wp-content\/uploads\/2015\/12\/10001008-150x150.jpg\" class=\"attachment-thumbnail size-thumbnail\" alt=\"\" srcset=\"https:\/\/www.guvencilingir.com\/wp-content\/uploads\/2015\/12\/10001008-150x150.jpg 150w, https:\/\/www.guvencilingir.com\/wp-content\/uploads\/2015\/12\/10001008-144x144.jpg 144w\" sizes=\"(max-width: 150px) 100vw, 150px\" \/><\/a>\n\t\t\t<\/dt><\/dl><dl class='gallery-item'>\n\t\t\t<dt class='gallery-icon portrait'>\n\t\t\t\t<a href='https:\/\/www.guvencilingir.com\/wp-content\/uploads\/2015\/12\/10001009.jpg' rel='shadowbox[album-269];player=img;'><img loading=\"lazy\" decoding=\"async\" width=\"150\" height=\"150\" src=\"https:\/\/www.guvencilingir.com\/wp-content\/uploads\/2015\/12\/10001009-150x150.jpg\" class=\"attachment-thumbnail size-thumbnail\" alt=\"\" srcset=\"https:\/\/www.guvencilingir.com\/wp-content\/uploads\/2015\/12\/10001009-150x150.jpg 150w, https:\/\/www.guvencilingir.com\/wp-content\/uploads\/2015\/12\/10001009-144x144.jpg 144w\" sizes=\"(max-width: 150px) 100vw, 150px\" \/><\/a>\n\t\t\t<\/dt><\/dl><br style=\"clear: both\" \/><dl class='gallery-item'>\n\t\t\t<dt class='gallery-icon portrait'>\n\t\t\t\t<a href='https:\/\/www.guvencilingir.com\/wp-content\/uploads\/2015\/12\/30001000.jpg' rel='shadowbox[album-269];player=img;'><img loading=\"lazy\" decoding=\"async\" width=\"59\" height=\"150\" src=\"https:\/\/www.guvencilingir.com\/wp-content\/uploads\/2015\/12\/30001000-59x150.jpg\" class=\"attachment-thumbnail size-thumbnail\" alt=\"\" \/><\/a>\n\t\t\t<\/dt><\/dl><dl class='gallery-item'>\n\t\t\t<dt class='gallery-icon landscape'>\n\t\t\t\t<a href='https:\/\/www.guvencilingir.com\/wp-content\/uploads\/2015\/12\/30001001.jpg' rel='shadowbox[album-269];player=img;'><img loading=\"lazy\" decoding=\"async\" width=\"150\" height=\"150\" src=\"https:\/\/www.guvencilingir.com\/wp-content\/uploads\/2015\/12\/30001001-150x150.jpg\" class=\"attachment-thumbnail size-thumbnail\" alt=\"\" srcset=\"https:\/\/www.guvencilingir.com\/wp-content\/uploads\/2015\/12\/30001001-150x150.jpg 150w, https:\/\/www.guvencilingir.com\/wp-content\/uploads\/2015\/12\/30001001-144x144.jpg 144w, https:\/\/www.guvencilingir.com\/wp-content\/uploads\/2015\/12\/30001001.jpg 156w\" sizes=\"(max-width: 150px) 100vw, 150px\" \/><\/a>\n\t\t\t<\/dt><\/dl><br style=\"clear: both\" \/><dl class='gallery-item'>\n\t\t\t<dt class='gallery-icon portrait'>\n\t\t\t\t<a href='https:\/\/www.guvencilingir.com\/wp-content\/uploads\/2015\/12\/30001043.jpg' rel='shadowbox[album-269];player=img;'><img loading=\"lazy\" decoding=\"async\" width=\"150\" height=\"150\" src=\"https:\/\/www.guvencilingir.com\/wp-content\/uploads\/2015\/12\/30001043-150x150.jpg\" class=\"attachment-thumbnail size-thumbnail\" alt=\"\" srcset=\"https:\/\/www.guvencilingir.com\/wp-content\/uploads\/2015\/12\/30001043-150x150.jpg 150w, https:\/\/www.guvencilingir.com\/wp-content\/uploads\/2015\/12\/30001043-144x144.jpg 144w\" sizes=\"(max-width: 150px) 100vw, 150px\" \/><\/a>\n\t\t\t<\/dt><\/dl><dl class='gallery-item'>\n\t\t\t<dt class='gallery-icon landscape'>\n\t\t\t\t<a href='https:\/\/www.guvencilingir.com\/wp-content\/uploads\/2015\/12\/30001044.jpg' rel='shadowbox[album-269];player=img;'><img loading=\"lazy\" decoding=\"async\" width=\"150\" height=\"150\" src=\"https:\/\/www.guvencilingir.com\/wp-content\/uploads\/2015\/12\/30001044-150x150.jpg\" class=\"attachment-thumbnail size-thumbnail\" alt=\"\" srcset=\"https:\/\/www.guvencilingir.com\/wp-content\/uploads\/2015\/12\/30001044-150x150.jpg 150w, https:\/\/www.guvencilingir.com\/wp-content\/uploads\/2015\/12\/30001044-144x144.jpg 144w\" sizes=\"(max-width: 150px) 100vw, 150px\" \/><\/a>\n\t\t\t<\/dt><\/dl><br style=\"clear: both\" \/><dl class='gallery-item'>\n\t\t\t<dt class='gallery-icon portrait'>\n\t\t\t\t<a href='https:\/\/www.guvencilingir.com\/wp-content\/uploads\/2015\/12\/kd050.jpg' rel='shadowbox[album-269];player=img;'><img loading=\"lazy\" decoding=\"async\" width=\"150\" height=\"150\" src=\"https:\/\/www.guvencilingir.com\/wp-content\/uploads\/2015\/12\/kd050-150x150.jpg\" class=\"attachment-thumbnail size-thumbnail\" alt=\"\" srcset=\"https:\/\/www.guvencilingir.com\/wp-content\/uploads\/2015\/12\/kd050-150x150.jpg 150w, https:\/\/www.guvencilingir.com\/wp-content\/uploads\/2015\/12\/kd050-144x144.jpg 144w, https:\/\/www.guvencilingir.com\/wp-content\/uploads\/2015\/12\/kd050.jpg 230w\" sizes=\"(max-width: 150px) 100vw, 150px\" \/><\/a>\n\t\t\t<\/dt><\/dl><dl class='gallery-item'>\n\t\t\t<dt class='gallery-icon portrait'>\n\t\t\t\t<a href='https:\/\/www.guvencilingir.com\/wp-content\/uploads\/2015\/12\/kd5010100.jpg' rel='shadowbox[album-269];player=img;'><img loading=\"lazy\" decoding=\"async\" width=\"150\" height=\"150\" src=\"https:\/\/www.guvencilingir.com\/wp-content\/uploads\/2015\/12\/kd5010100-150x150.jpg\" class=\"attachment-thumbnail size-thumbnail\" alt=\"\" srcset=\"https:\/\/www.guvencilingir.com\/wp-content\/uploads\/2015\/12\/kd5010100-150x150.jpg 150w, https:\/\/www.guvencilingir.com\/wp-content\/uploads\/2015\/12\/kd5010100-144x144.jpg 144w\" sizes=\"(max-width: 150px) 100vw, 150px\" \/><\/a>\n\t\t\t<\/dt><\/dl><br style=\"clear: both\" \/><dl class='gallery-item'>\n\t\t\t<dt class='gallery-icon portrait'>\n\t\t\t\t<a href='https:\/\/www.guvencilingir.com\/wp-content\/uploads\/2015\/12\/kd5010300.jpg' rel='shadowbox[album-269];player=img;'><img loading=\"lazy\" decoding=\"async\" width=\"150\" height=\"150\" src=\"https:\/\/www.guvencilingir.com\/wp-content\/uploads\/2015\/12\/kd5010300-150x150.jpg\" class=\"attachment-thumbnail size-thumbnail\" alt=\"\" srcset=\"https:\/\/www.guvencilingir.com\/wp-content\/uploads\/2015\/12\/kd5010300-150x150.jpg 150w, https:\/\/www.guvencilingir.com\/wp-content\/uploads\/2015\/12\/kd5010300-144x144.jpg 144w\" sizes=\"(max-width: 150px) 100vw, 150px\" \/><\/a>\n\t\t\t<\/dt><\/dl><dl class='gallery-item'>\n\t\t\t<dt class='gallery-icon portrait'>\n\t\t\t\t<a href='https:\/\/www.guvencilingir.com\/wp-content\/uploads\/2015\/12\/kd5020100.jpg' rel='shadowbox[album-269];player=img;'><img loading=\"lazy\" decoding=\"async\" width=\"150\" height=\"150\" src=\"https:\/\/www.guvencilingir.com\/wp-content\/uploads\/2015\/12\/kd5020100-150x150.jpg\" class=\"attachment-thumbnail size-thumbnail\" alt=\"\" srcset=\"https:\/\/www.guvencilingir.com\/wp-content\/uploads\/2015\/12\/kd5020100-150x150.jpg 150w, https:\/\/www.guvencilingir.com\/wp-content\/uploads\/2015\/12\/kd5020100-144x144.jpg 144w\" sizes=\"(max-width: 150px) 100vw, 150px\" \/><\/a>\n\t\t\t<\/dt><\/dl><br style=\"clear: both\" \/>\n\t\t<\/div>\n\n","protected":false},"excerpt":{"rendered":"","protected":false},"author":1,"featured_media":0,"parent":83,"menu_order":12,"comment_status":"closed","ping_status":"closed","template":"","meta":{"footnotes":""},"_links":{"self":[{"href":"https:\/\/www.guvencilingir.com\/index.php\/wp-json\/wp\/v2\/pages\/269"}],"collection":[{"href":"https:\/\/www.guvencilingir.com\/index.php\/wp-json\/wp\/v2\/pages"}],"about":[{"href":"https:\/\/www.guvencilingir.com\/index.php\/wp-json\/wp\/v2\/types\/page"}],"author":[{"embeddable":true,"href":"https:\/\/www.guvencilingir.com\/index.php\/wp-json\/wp\/v2\/users\/1"}],"replies":[{"embeddable":true,"href":"https:\/\/www.guvencilingir.com\/index.php\/wp-json\/wp\/v2\/comments?post=269"}],"version-history":[{"count":1,"href":"https:\/\/www.guvencilingir.com\/index.php\/wp-json\/wp\/v2\/pages\/269\/revisions"}],"predecessor-version":[{"id":304,"href":"https:\/\/www.guvencilingir.com\/index.php\/wp-json\/wp\/v2\/pages\/269\/revisions\/304"}],"up":[{"embeddable":true,"href":"https:\/\/www.guvencilingir.com\/index.php\/wp-json\/wp\/v2\/pages\/83"}],"wp:attachment":[{"href":"https:\/\/www.guvencilingir.com\/index.php\/wp-json\/wp\/v2\/media?parent=269"}],"curies":[{"name":"wp","href":"https:\/\/api.w.org\/{rel}","templated":true}]}}