{"id":317,"date":"2015-12-14T20:32:59","date_gmt":"2015-12-14T18:32:59","guid":{"rendered":"http:\/\/www.guvencilingir.com\/?page_id=317"},"modified":"2015-12-14T20:32:59","modified_gmt":"2015-12-14T18:32:59","slug":"silindirler","status":"publish","type":"page","link":"https:\/\/www.guvencilingir.com\/index.php\/urunler\/silindirler\/","title":{"rendered":"S\u0130L\u0130ND\u0130RLER"},"content":{"rendered":"\n\t\t<style type=\"text\/css\">\n\t\t\t#gallery-1 {\n\t\t\t\tmargin: auto;\n\t\t\t}\n\t\t\t#gallery-1 .gallery-item {\n\t\t\t\tfloat: left;\n\t\t\t\tmargin-top: 10px;\n\t\t\t\ttext-align: center;\n\t\t\t\twidth: 50%;\n\t\t\t}\n\t\t\t#gallery-1 img {\n\t\t\t\tborder: 2px solid #cfcfcf;\n\t\t\t}\n\t\t\t#gallery-1 .gallery-caption {\n\t\t\t\tmargin-left: 0;\n\t\t\t}\n\t\t\t\/* see gallery_shortcode() in wp-includes\/media.php *\/\n\t\t<\/style>\n\t\t<div id='gallery-1' class='gallery galleryid-317 gallery-columns-2 gallery-size-thumbnail'><dl class='gallery-item'>\n\t\t\t<dt class='gallery-icon landscape'>\n\t\t\t\t<a href='https:\/\/www.guvencilingir.com\/wp-content\/uploads\/2015\/12\/celiktakviyelibilyalisilindir.jpg' rel='shadowbox[album-317];player=img;'><img loading=\"lazy\" decoding=\"async\" width=\"150\" height=\"150\" src=\"https:\/\/www.guvencilingir.com\/wp-content\/uploads\/2015\/12\/celiktakviyelibilyalisilindir.jpg\" class=\"attachment-thumbnail size-thumbnail\" alt=\"\" srcset=\"https:\/\/www.guvencilingir.com\/wp-content\/uploads\/2015\/12\/celiktakviyelibilyalisilindir.jpg 150w, https:\/\/www.guvencilingir.com\/wp-content\/uploads\/2015\/12\/celiktakviyelibilyalisilindir-144x144.jpg 144w\" sizes=\"(max-width: 150px) 100vw, 150px\" \/><\/a>\n\t\t\t<\/dt><\/dl><dl class='gallery-item'>\n\t\t\t<dt class='gallery-icon landscape'>\n\t\t\t\t<a href='https:\/\/www.guvencilingir.com\/wp-content\/uploads\/2015\/12\/celiktakviyelisistemsilindir.jpg' rel='shadowbox[album-317];player=img;'><img loading=\"lazy\" decoding=\"async\" width=\"150\" height=\"150\" src=\"https:\/\/www.guvencilingir.com\/wp-content\/uploads\/2015\/12\/celiktakviyelisistemsilindir.jpg\" class=\"attachment-thumbnail size-thumbnail\" alt=\"\" srcset=\"https:\/\/www.guvencilingir.com\/wp-content\/uploads\/2015\/12\/celiktakviyelisistemsilindir.jpg 150w, https:\/\/www.guvencilingir.com\/wp-content\/uploads\/2015\/12\/celiktakviyelisistemsilindir-144x144.jpg 144w\" sizes=\"(max-width: 150px) 100vw, 150px\" \/><\/a>\n\t\t\t<\/dt><\/dl><br style=\"clear: both\" \/><dl class='gallery-item'>\n\t\t\t<dt class='gallery-icon landscape'>\n\t\t\t\t<a href='https:\/\/www.guvencilingir.com\/wp-content\/uploads\/2015\/12\/celiktakviyelistandartsilindir.jpg' rel='shadowbox[album-317];player=img;'><img loading=\"lazy\" decoding=\"async\" width=\"150\" height=\"150\" src=\"https:\/\/www.guvencilingir.com\/wp-content\/uploads\/2015\/12\/celiktakviyelistandartsilindir.jpg\" class=\"attachment-thumbnail size-thumbnail\" alt=\"\" srcset=\"https:\/\/www.guvencilingir.com\/wp-content\/uploads\/2015\/12\/celiktakviyelistandartsilindir.jpg 150w, https:\/\/www.guvencilingir.com\/wp-content\/uploads\/2015\/12\/celiktakviyelistandartsilindir-144x144.jpg 144w\" sizes=\"(max-width: 150px) 100vw, 150px\" \/><\/a>\n\t\t\t<\/dt><\/dl><dl class='gallery-item'>\n\t\t\t<dt class='gallery-icon portrait'>\n\t\t\t\t<a href='https:\/\/www.guvencilingir.com\/wp-content\/uploads\/2015\/12\/koniktopusluyarimtipsilindir.jpg' rel='shadowbox[album-317];player=img;'><img loading=\"lazy\" decoding=\"async\" width=\"143\" height=\"150\" src=\"https:\/\/www.guvencilingir.com\/wp-content\/uploads\/2015\/12\/koniktopusluyarimtipsilindir-143x150.jpg\" class=\"attachment-thumbnail size-thumbnail\" alt=\"\" \/><\/a>\n\t\t\t<\/dt><\/dl><br style=\"clear: both\" \/><dl class='gallery-item'>\n\t\t\t<dt class='gallery-icon portrait'>\n\t\t\t\t<a href='https:\/\/www.guvencilingir.com\/wp-content\/uploads\/2015\/12\/koniktopuzlusilindir.jpg' rel='shadowbox[album-317];player=img;'><img loading=\"lazy\" decoding=\"async\" width=\"143\" height=\"150\" src=\"https:\/\/www.guvencilingir.com\/wp-content\/uploads\/2015\/12\/koniktopuzlusilindir-143x150.jpg\" class=\"attachment-thumbnail size-thumbnail\" alt=\"\" \/><\/a>\n\t\t\t<\/dt><\/dl><dl class='gallery-item'>\n\t\t\t<dt class='gallery-icon portrait'>\n\t\t\t\t<a href='https:\/\/www.guvencilingir.com\/wp-content\/uploads\/2015\/12\/mandallisilindir.jpg' rel='shadowbox[album-317];player=img;'><img loading=\"lazy\" decoding=\"async\" width=\"143\" height=\"150\" src=\"https:\/\/www.guvencilingir.com\/wp-content\/uploads\/2015\/12\/mandallisilindir-143x150.jpg\" class=\"attachment-thumbnail size-thumbnail\" alt=\"\" \/><\/a>\n\t\t\t<\/dt><\/dl><br style=\"clear: both\" \/><dl class='gallery-item'>\n\t\t\t<dt class='gallery-icon portrait'>\n\t\t\t\t<a href='https:\/\/www.guvencilingir.com\/wp-content\/uploads\/2015\/12\/mandalliyarimtipsilindir.jpg' rel='shadowbox[album-317];player=img;'><img loading=\"lazy\" decoding=\"async\" width=\"143\" height=\"150\" src=\"https:\/\/www.guvencilingir.com\/wp-content\/uploads\/2015\/12\/mandalliyarimtipsilindir-143x150.jpg\" class=\"attachment-thumbnail size-thumbnail\" alt=\"\" \/><\/a>\n\t\t\t<\/dt><\/dl><dl class='gallery-item'>\n\t\t\t<dt class='gallery-icon portrait'>\n\t\t\t\t<a href='https:\/\/www.guvencilingir.com\/wp-content\/uploads\/2015\/12\/obs_bilyalisilindir.jpg' rel='shadowbox[album-317];player=img;'><img loading=\"lazy\" decoding=\"async\" width=\"143\" height=\"150\" src=\"https:\/\/www.guvencilingir.com\/wp-content\/uploads\/2015\/12\/obs_bilyalisilindir-143x150.jpg\" class=\"attachment-thumbnail size-thumbnail\" alt=\"\" \/><\/a>\n\t\t\t<\/dt><\/dl><br style=\"clear: both\" \/><dl class='gallery-item'>\n\t\t\t<dt class='gallery-icon portrait'>\n\t\t\t\t<a href='https:\/\/www.guvencilingir.com\/wp-content\/uploads\/2015\/12\/obs_sistemsilindir.jpg' rel='shadowbox[album-317];player=img;'><img loading=\"lazy\" decoding=\"async\" width=\"143\" height=\"150\" src=\"https:\/\/www.guvencilingir.com\/wp-content\/uploads\/2015\/12\/obs_sistemsilindir-143x150.jpg\" class=\"attachment-thumbnail size-thumbnail\" alt=\"\" \/><\/a>\n\t\t\t<\/dt><\/dl><dl class='gallery-item'>\n\t\t\t<dt class='gallery-icon portrait'>\n\t\t\t\t<a href='https:\/\/www.guvencilingir.com\/wp-content\/uploads\/2015\/12\/obs_standarsilindir.jpg' rel='shadowbox[album-317];player=img;'><img loading=\"lazy\" decoding=\"async\" width=\"143\" height=\"150\" src=\"https:\/\/www.guvencilingir.com\/wp-content\/uploads\/2015\/12\/obs_standarsilindir-143x150.jpg\" class=\"attachment-thumbnail size-thumbnail\" alt=\"\" \/><\/a>\n\t\t\t<\/dt><\/dl><br style=\"clear: both\" \/><dl class='gallery-item'>\n\t\t\t<dt class='gallery-icon portrait'>\n\t\t\t\t<a href='https:\/\/www.guvencilingir.com\/wp-content\/uploads\/2015\/12\/silindir.jpg' rel='shadowbox[album-317];player=img;'><img loading=\"lazy\" decoding=\"async\" width=\"143\" height=\"150\" src=\"https:\/\/www.guvencilingir.com\/wp-content\/uploads\/2015\/12\/silindir-143x150.jpg\" class=\"attachment-thumbnail size-thumbnail\" alt=\"\" \/><\/a>\n\t\t\t<\/dt><\/dl><dl class='gallery-item'>\n\t\t\t<dt class='gallery-icon portrait'>\n\t\t\t\t<a href='https:\/\/www.guvencilingir.com\/wp-content\/uploads\/2015\/12\/silindir2.jpg' rel='shadowbox[album-317];player=img;'><img loading=\"lazy\" decoding=\"async\" width=\"143\" height=\"150\" src=\"https:\/\/www.guvencilingir.com\/wp-content\/uploads\/2015\/12\/silindir2-143x150.jpg\" class=\"attachment-thumbnail size-thumbnail\" alt=\"\" \/><\/a>\n\t\t\t<\/dt><\/dl><br style=\"clear: both\" \/><dl class='gallery-item'>\n\t\t\t<dt class='gallery-icon landscape'>\n\t\t\t\t<a href='https:\/\/www.guvencilingir.com\/wp-content\/uploads\/2015\/12\/silindir3.jpg' rel='shadowbox[album-317];player=img;'><img loading=\"lazy\" decoding=\"async\" width=\"150\" height=\"139\" src=\"https:\/\/www.guvencilingir.com\/wp-content\/uploads\/2015\/12\/silindir3-150x139.jpg\" class=\"attachment-thumbnail size-thumbnail\" alt=\"\" \/><\/a>\n\t\t\t<\/dt><\/dl><dl class='gallery-item'>\n\t\t\t<dt class='gallery-icon portrait'>\n\t\t\t\t<a href='https:\/\/www.guvencilingir.com\/wp-content\/uploads\/2015\/12\/silindirbilyali.jpg' rel='shadowbox[album-317];player=img;'><img loading=\"lazy\" decoding=\"async\" width=\"143\" height=\"150\" src=\"https:\/\/www.guvencilingir.com\/wp-content\/uploads\/2015\/12\/silindirbilyali-143x150.jpg\" class=\"attachment-thumbnail size-thumbnail\" alt=\"\" \/><\/a>\n\t\t\t<\/dt><\/dl><br style=\"clear: both\" \/><dl class='gallery-item'>\n\t\t\t<dt class='gallery-icon portrait'>\n\t\t\t\t<a href='https:\/\/www.guvencilingir.com\/wp-content\/uploads\/2015\/12\/silindirsistem.jpg' rel='shadowbox[album-317];player=img;'><img loading=\"lazy\" decoding=\"async\" width=\"143\" height=\"150\" src=\"https:\/\/www.guvencilingir.com\/wp-content\/uploads\/2015\/12\/silindirsistem-143x150.jpg\" class=\"attachment-thumbnail size-thumbnail\" alt=\"\" \/><\/a>\n\t\t\t<\/dt><\/dl><dl class='gallery-item'>\n\t\t\t<dt class='gallery-icon portrait'>\n\t\t\t\t<a href='https:\/\/www.guvencilingir.com\/wp-content\/uploads\/2015\/12\/silindirstandart.jpg' rel='shadowbox[album-317];player=img;'><img loading=\"lazy\" decoding=\"async\" width=\"143\" height=\"150\" src=\"https:\/\/www.guvencilingir.com\/wp-content\/uploads\/2015\/12\/silindirstandart-143x150.jpg\" class=\"attachment-thumbnail size-thumbnail\" alt=\"\" \/><\/a>\n\t\t\t<\/dt><\/dl><br style=\"clear: both\" \/><dl class='gallery-item'>\n\t\t\t<dt class='gallery-icon portrait'>\n\t\t\t\t<a href='https:\/\/www.guvencilingir.com\/wp-content\/uploads\/2015\/12\/topuzlusilindir.jpg' rel='shadowbox[album-317];player=img;'><img loading=\"lazy\" decoding=\"async\" width=\"143\" height=\"150\" src=\"https:\/\/www.guvencilingir.com\/wp-content\/uploads\/2015\/12\/topuzlusilindir-143x150.jpg\" class=\"attachment-thumbnail size-thumbnail\" alt=\"\" \/><\/a>\n\t\t\t<\/dt><\/dl><dl class='gallery-item'>\n\t\t\t<dt class='gallery-icon portrait'>\n\t\t\t\t<a href='https:\/\/www.guvencilingir.com\/wp-content\/uploads\/2015\/12\/topuzluyarimtipsilindir.jpg' rel='shadowbox[album-317];player=img;'><img loading=\"lazy\" decoding=\"async\" width=\"143\" height=\"150\" src=\"https:\/\/www.guvencilingir.com\/wp-content\/uploads\/2015\/12\/topuzluyarimtipsilindir-143x150.jpg\" class=\"attachment-thumbnail size-thumbnail\" alt=\"\" \/><\/a>\n\t\t\t<\/dt><\/dl><br style=\"clear: both\" \/><dl class='gallery-item'>\n\t\t\t<dt class='gallery-icon portrait'>\n\t\t\t\t<a href='https:\/\/www.guvencilingir.com\/wp-content\/uploads\/2015\/12\/yarimtipsilindir.jpg' rel='shadowbox[album-317];player=img;'><img loading=\"lazy\" decoding=\"async\" width=\"143\" height=\"150\" src=\"https:\/\/www.guvencilingir.com\/wp-content\/uploads\/2015\/12\/yarimtipsilindir-143x150.jpg\" class=\"attachment-thumbnail size-thumbnail\" alt=\"\" \/><\/a>\n\t\t\t<\/dt><\/dl><dl class='gallery-item'>\n\t\t\t<dt class='gallery-icon portrait'>\n\t\t\t\t<a href='https:\/\/www.guvencilingir.com\/wp-content\/uploads\/2015\/12\/yarimtipsilindir2.jpg' rel='shadowbox[album-317];player=img;'><img loading=\"lazy\" decoding=\"async\" width=\"143\" height=\"150\" src=\"https:\/\/www.guvencilingir.com\/wp-content\/uploads\/2015\/12\/yarimtipsilindir2-143x150.jpg\" class=\"attachment-thumbnail size-thumbnail\" alt=\"\" \/><\/a>\n\t\t\t<\/dt><\/dl><br style=\"clear: both\" \/>\n\t\t<\/div>\n\n","protected":false},"excerpt":{"rendered":"","protected":false},"author":1,"featured_media":0,"parent":83,"menu_order":14,"comment_status":"closed","ping_status":"closed","template":"","meta":{"footnotes":""},"_links":{"self":[{"href":"https:\/\/www.guvencilingir.com\/index.php\/wp-json\/wp\/v2\/pages\/317"}],"collection":[{"href":"https:\/\/www.guvencilingir.com\/index.php\/wp-json\/wp\/v2\/pages"}],"about":[{"href":"https:\/\/www.guvencilingir.com\/index.php\/wp-json\/wp\/v2\/types\/page"}],"author":[{"embeddable":true,"href":"https:\/\/www.guvencilingir.com\/index.php\/wp-json\/wp\/v2\/users\/1"}],"replies":[{"embeddable":true,"href":"https:\/\/www.guvencilingir.com\/index.php\/wp-json\/wp\/v2\/comments?post=317"}],"version-history":[{"count":1,"href":"https:\/\/www.guvencilingir.com\/index.php\/wp-json\/wp\/v2\/pages\/317\/revisions"}],"predecessor-version":[{"id":338,"href":"https:\/\/www.guvencilingir.com\/index.php\/wp-json\/wp\/v2\/pages\/317\/revisions\/338"}],"up":[{"embeddable":true,"href":"https:\/\/www.guvencilingir.com\/index.php\/wp-json\/wp\/v2\/pages\/83"}],"wp:attachment":[{"href":"https:\/\/www.guvencilingir.com\/index.php\/wp-json\/wp\/v2\/media?parent=317"}],"curies":[{"name":"wp","href":"https:\/\/api.w.org\/{rel}","templated":true}]}}