{"id":339,"date":"2015-12-14T20:43:52","date_gmt":"2015-12-14T18:43:52","guid":{"rendered":"http:\/\/www.guvencilingir.com\/?page_id=339"},"modified":"2015-12-14T20:43:52","modified_gmt":"2015-12-14T18:43:52","slug":"gomme-emniyet-kilitleri","status":"publish","type":"page","link":"https:\/\/www.guvencilingir.com\/index.php\/urunler\/gomme-emniyet-kilitleri\/","title":{"rendered":"G\u00d6MME EMN\u0130YET K\u0130L\u0130TLER\u0130"},"content":{"rendered":"\n\t\t<style type=\"text\/css\">\n\t\t\t#gallery-1 {\n\t\t\t\tmargin: auto;\n\t\t\t}\n\t\t\t#gallery-1 .gallery-item {\n\t\t\t\tfloat: left;\n\t\t\t\tmargin-top: 10px;\n\t\t\t\ttext-align: center;\n\t\t\t\twidth: 50%;\n\t\t\t}\n\t\t\t#gallery-1 img {\n\t\t\t\tborder: 2px solid #cfcfcf;\n\t\t\t}\n\t\t\t#gallery-1 .gallery-caption {\n\t\t\t\tmargin-left: 0;\n\t\t\t}\n\t\t\t\/* see gallery_shortcode() in wp-includes\/media.php *\/\n\t\t<\/style>\n\t\t<div id='gallery-1' class='gallery galleryid-339 gallery-columns-2 gallery-size-thumbnail'><dl class='gallery-item'>\n\t\t\t<dt class='gallery-icon portrait'>\n\t\t\t\t<a href='https:\/\/www.guvencilingir.com\/wp-content\/uploads\/2015\/12\/gc4-1.jpg' rel='shadowbox[album-339];player=img;'><img loading=\"lazy\" decoding=\"async\" width=\"143\" height=\"150\" src=\"https:\/\/www.guvencilingir.com\/wp-content\/uploads\/2015\/12\/gc4-1-143x150.jpg\" class=\"attachment-thumbnail size-thumbnail\" alt=\"\" \/><\/a>\n\t\t\t<\/dt><\/dl><dl class='gallery-item'>\n\t\t\t<dt class='gallery-icon portrait'>\n\t\t\t\t<a href='https:\/\/www.guvencilingir.com\/wp-content\/uploads\/2015\/12\/gc4-2.jpg' rel='shadowbox[album-339];player=img;'><img loading=\"lazy\" decoding=\"async\" width=\"143\" height=\"150\" src=\"https:\/\/www.guvencilingir.com\/wp-content\/uploads\/2015\/12\/gc4-2-143x150.jpg\" class=\"attachment-thumbnail size-thumbnail\" alt=\"\" \/><\/a>\n\t\t\t<\/dt><\/dl><br style=\"clear: both\" \/><dl class='gallery-item'>\n\t\t\t<dt class='gallery-icon portrait'>\n\t\t\t\t<a href='https:\/\/www.guvencilingir.com\/wp-content\/uploads\/2015\/12\/gc4-3.jpg' rel='shadowbox[album-339];player=img;'><img loading=\"lazy\" decoding=\"async\" width=\"143\" height=\"150\" src=\"https:\/\/www.guvencilingir.com\/wp-content\/uploads\/2015\/12\/gc4-3-143x150.jpg\" class=\"attachment-thumbnail size-thumbnail\" alt=\"\" \/><\/a>\n\t\t\t<\/dt><\/dl><dl class='gallery-item'>\n\t\t\t<dt class='gallery-icon portrait'>\n\t\t\t\t<a href='https:\/\/www.guvencilingir.com\/wp-content\/uploads\/2015\/12\/gc4-4.jpg' rel='shadowbox[album-339];player=img;'><img loading=\"lazy\" decoding=\"async\" width=\"143\" height=\"150\" src=\"https:\/\/www.guvencilingir.com\/wp-content\/uploads\/2015\/12\/gc4-4-143x150.jpg\" class=\"attachment-thumbnail size-thumbnail\" alt=\"\" \/><\/a>\n\t\t\t<\/dt><\/dl><br style=\"clear: both\" \/><dl class='gallery-item'>\n\t\t\t<dt class='gallery-icon portrait'>\n\t\t\t\t<a href='https:\/\/www.guvencilingir.com\/wp-content\/uploads\/2015\/12\/gc4-5.jpg' rel='shadowbox[album-339];player=img;'><img loading=\"lazy\" decoding=\"async\" width=\"143\" height=\"150\" src=\"https:\/\/www.guvencilingir.com\/wp-content\/uploads\/2015\/12\/gc4-5-143x150.jpg\" class=\"attachment-thumbnail size-thumbnail\" alt=\"\" \/><\/a>\n\t\t\t<\/dt><\/dl><dl class='gallery-item'>\n\t\t\t<dt class='gallery-icon portrait'>\n\t\t\t\t<a href='https:\/\/www.guvencilingir.com\/wp-content\/uploads\/2015\/12\/gc4-6.jpg' rel='shadowbox[album-339];player=img;'><img loading=\"lazy\" decoding=\"async\" width=\"143\" height=\"150\" src=\"https:\/\/www.guvencilingir.com\/wp-content\/uploads\/2015\/12\/gc4-6-143x150.jpg\" class=\"attachment-thumbnail size-thumbnail\" alt=\"\" \/><\/a>\n\t\t\t<\/dt><\/dl><br style=\"clear: both\" \/><dl class='gallery-item'>\n\t\t\t<dt class='gallery-icon portrait'>\n\t\t\t\t<a href='https:\/\/www.guvencilingir.com\/wp-content\/uploads\/2015\/12\/gc4-7.jpg' rel='shadowbox[album-339];player=img;'><img loading=\"lazy\" decoding=\"async\" width=\"143\" height=\"150\" src=\"https:\/\/www.guvencilingir.com\/wp-content\/uploads\/2015\/12\/gc4-7-143x150.jpg\" class=\"attachment-thumbnail size-thumbnail\" alt=\"\" \/><\/a>\n\t\t\t<\/dt><\/dl>\n\t\t\t<br style='clear: both' \/>\n\t\t<\/div>\n\n","protected":false},"excerpt":{"rendered":"","protected":false},"author":1,"featured_media":0,"parent":83,"menu_order":15,"comment_status":"closed","ping_status":"closed","template":"","meta":{"footnotes":""},"_links":{"self":[{"href":"https:\/\/www.guvencilingir.com\/index.php\/wp-json\/wp\/v2\/pages\/339"}],"collection":[{"href":"https:\/\/www.guvencilingir.com\/index.php\/wp-json\/wp\/v2\/pages"}],"about":[{"href":"https:\/\/www.guvencilingir.com\/index.php\/wp-json\/wp\/v2\/types\/page"}],"author":[{"embeddable":true,"href":"https:\/\/www.guvencilingir.com\/index.php\/wp-json\/wp\/v2\/users\/1"}],"replies":[{"embeddable":true,"href":"https:\/\/www.guvencilingir.com\/index.php\/wp-json\/wp\/v2\/comments?post=339"}],"version-history":[{"count":1,"href":"https:\/\/www.guvencilingir.com\/index.php\/wp-json\/wp\/v2\/pages\/339\/revisions"}],"predecessor-version":[{"id":347,"href":"https:\/\/www.guvencilingir.com\/index.php\/wp-json\/wp\/v2\/pages\/339\/revisions\/347"}],"up":[{"embeddable":true,"href":"https:\/\/www.guvencilingir.com\/index.php\/wp-json\/wp\/v2\/pages\/83"}],"wp:attachment":[{"href":"https:\/\/www.guvencilingir.com\/index.php\/wp-json\/wp\/v2\/media?parent=339"}],"curies":[{"name":"wp","href":"https:\/\/api.w.org\/{rel}","templated":true}]}}