{"id":433,"date":"2015-12-14T21:10:07","date_gmt":"2015-12-14T19:10:07","guid":{"rendered":"http:\/\/www.guvencilingir.com\/?page_id=433"},"modified":"2015-12-14T21:10:07","modified_gmt":"2015-12-14T19:10:07","slug":"cam-kilitleri","status":"publish","type":"page","link":"https:\/\/www.guvencilingir.com\/index.php\/urunler\/cam-kilitleri\/","title":{"rendered":"CAM K\u0130L\u0130TLER\u0130"},"content":{"rendered":"\n\t\t<style type=\"text\/css\">\n\t\t\t#gallery-1 {\n\t\t\t\tmargin: auto;\n\t\t\t}\n\t\t\t#gallery-1 .gallery-item {\n\t\t\t\tfloat: left;\n\t\t\t\tmargin-top: 10px;\n\t\t\t\ttext-align: center;\n\t\t\t\twidth: 50%;\n\t\t\t}\n\t\t\t#gallery-1 img {\n\t\t\t\tborder: 2px solid #cfcfcf;\n\t\t\t}\n\t\t\t#gallery-1 .gallery-caption {\n\t\t\t\tmargin-left: 0;\n\t\t\t}\n\t\t\t\/* see gallery_shortcode() in wp-includes\/media.php *\/\n\t\t<\/style>\n\t\t<div id='gallery-1' class='gallery galleryid-433 gallery-columns-2 gallery-size-thumbnail'><dl class='gallery-item'>\n\t\t\t<dt class='gallery-icon landscape'>\n\t\t\t\t<a href='https:\/\/www.guvencilingir.com\/wp-content\/uploads\/2015\/12\/gc14-1.jpg' rel='shadowbox[album-433];player=img;'><img loading=\"lazy\" decoding=\"async\" width=\"101\" height=\"84\" src=\"https:\/\/www.guvencilingir.com\/wp-content\/uploads\/2015\/12\/gc14-1.jpg\" class=\"attachment-thumbnail size-thumbnail\" alt=\"\" \/><\/a>\n\t\t\t<\/dt><\/dl><dl class='gallery-item'>\n\t\t\t<dt class='gallery-icon landscape'>\n\t\t\t\t<a href='https:\/\/www.guvencilingir.com\/wp-content\/uploads\/2015\/12\/gc14-2.jpg' rel='shadowbox[album-433];player=img;'><img loading=\"lazy\" decoding=\"async\" width=\"130\" height=\"60\" src=\"https:\/\/www.guvencilingir.com\/wp-content\/uploads\/2015\/12\/gc14-2.jpg\" class=\"attachment-thumbnail size-thumbnail\" alt=\"\" \/><\/a>\n\t\t\t<\/dt><\/dl><br style=\"clear: both\" \/><dl class='gallery-item'>\n\t\t\t<dt class='gallery-icon landscape'>\n\t\t\t\t<a href='https:\/\/www.guvencilingir.com\/wp-content\/uploads\/2015\/12\/gc14-3.jpg' rel='shadowbox[album-433];player=img;'><img loading=\"lazy\" decoding=\"async\" width=\"131\" height=\"100\" src=\"https:\/\/www.guvencilingir.com\/wp-content\/uploads\/2015\/12\/gc14-3.jpg\" class=\"attachment-thumbnail size-thumbnail\" alt=\"\" \/><\/a>\n\t\t\t<\/dt><\/dl><dl class='gallery-item'>\n\t\t\t<dt class='gallery-icon landscape'>\n\t\t\t\t<a href='https:\/\/www.guvencilingir.com\/wp-content\/uploads\/2015\/12\/gc14-4.jpg' rel='shadowbox[album-433];player=img;'><img loading=\"lazy\" decoding=\"async\" width=\"150\" height=\"88\" src=\"https:\/\/www.guvencilingir.com\/wp-content\/uploads\/2015\/12\/gc14-4-150x88.jpg\" class=\"attachment-thumbnail size-thumbnail\" alt=\"\" \/><\/a>\n\t\t\t<\/dt><\/dl><br style=\"clear: both\" \/><dl class='gallery-item'>\n\t\t\t<dt class='gallery-icon landscape'>\n\t\t\t\t<a href='https:\/\/www.guvencilingir.com\/wp-content\/uploads\/2015\/12\/gc14-5.jpg' rel='shadowbox[album-433];player=img;'><img loading=\"lazy\" decoding=\"async\" width=\"136\" height=\"115\" src=\"https:\/\/www.guvencilingir.com\/wp-content\/uploads\/2015\/12\/gc14-5.jpg\" class=\"attachment-thumbnail size-thumbnail\" alt=\"\" \/><\/a>\n\t\t\t<\/dt><\/dl><dl class='gallery-item'>\n\t\t\t<dt class='gallery-icon landscape'>\n\t\t\t\t<a href='https:\/\/www.guvencilingir.com\/wp-content\/uploads\/2015\/12\/gc14-6.jpg' rel='shadowbox[album-433];player=img;'><img loading=\"lazy\" decoding=\"async\" width=\"150\" height=\"75\" src=\"https:\/\/www.guvencilingir.com\/wp-content\/uploads\/2015\/12\/gc14-6-150x75.jpg\" class=\"attachment-thumbnail size-thumbnail\" alt=\"\" \/><\/a>\n\t\t\t<\/dt><\/dl><br style=\"clear: both\" \/><dl class='gallery-item'>\n\t\t\t<dt class='gallery-icon landscape'>\n\t\t\t\t<a href='https:\/\/www.guvencilingir.com\/wp-content\/uploads\/2015\/12\/gc14-7.jpg' rel='shadowbox[album-433];player=img;'><img loading=\"lazy\" decoding=\"async\" width=\"130\" height=\"130\" src=\"https:\/\/www.guvencilingir.com\/wp-content\/uploads\/2015\/12\/gc14-7.jpg\" class=\"attachment-thumbnail size-thumbnail\" alt=\"\" \/><\/a>\n\t\t\t<\/dt><\/dl><dl class='gallery-item'>\n\t\t\t<dt class='gallery-icon portrait'>\n\t\t\t\t<a href='https:\/\/www.guvencilingir.com\/wp-content\/uploads\/2015\/12\/gc14-8.jpg' rel='shadowbox[album-433];player=img;'><img loading=\"lazy\" decoding=\"async\" width=\"101\" height=\"105\" src=\"https:\/\/www.guvencilingir.com\/wp-content\/uploads\/2015\/12\/gc14-8.jpg\" class=\"attachment-thumbnail size-thumbnail\" alt=\"\" \/><\/a>\n\t\t\t<\/dt><\/dl><br style=\"clear: both\" \/><dl class='gallery-item'>\n\t\t\t<dt class='gallery-icon landscape'>\n\t\t\t\t<a href='https:\/\/www.guvencilingir.com\/wp-content\/uploads\/2015\/12\/gc14-9.jpg' rel='shadowbox[album-433];player=img;'><img loading=\"lazy\" decoding=\"async\" width=\"101\" height=\"100\" src=\"https:\/\/www.guvencilingir.com\/wp-content\/uploads\/2015\/12\/gc14-9.jpg\" class=\"attachment-thumbnail size-thumbnail\" alt=\"\" \/><\/a>\n\t\t\t<\/dt><\/dl>\n\t\t\t<br style='clear: both' \/>\n\t\t<\/div>\n\n","protected":false},"excerpt":{"rendered":"","protected":false},"author":1,"featured_media":0,"parent":83,"menu_order":22,"comment_status":"closed","ping_status":"closed","template":"","meta":{"footnotes":""},"_links":{"self":[{"href":"https:\/\/www.guvencilingir.com\/index.php\/wp-json\/wp\/v2\/pages\/433"}],"collection":[{"href":"https:\/\/www.guvencilingir.com\/index.php\/wp-json\/wp\/v2\/pages"}],"about":[{"href":"https:\/\/www.guvencilingir.com\/index.php\/wp-json\/wp\/v2\/types\/page"}],"author":[{"embeddable":true,"href":"https:\/\/www.guvencilingir.com\/index.php\/wp-json\/wp\/v2\/users\/1"}],"replies":[{"embeddable":true,"href":"https:\/\/www.guvencilingir.com\/index.php\/wp-json\/wp\/v2\/comments?post=433"}],"version-history":[{"count":1,"href":"https:\/\/www.guvencilingir.com\/index.php\/wp-json\/wp\/v2\/pages\/433\/revisions"}],"predecessor-version":[{"id":443,"href":"https:\/\/www.guvencilingir.com\/index.php\/wp-json\/wp\/v2\/pages\/433\/revisions\/443"}],"up":[{"embeddable":true,"href":"https:\/\/www.guvencilingir.com\/index.php\/wp-json\/wp\/v2\/pages\/83"}],"wp:attachment":[{"href":"https:\/\/www.guvencilingir.com\/index.php\/wp-json\/wp\/v2\/media?parent=433"}],"curies":[{"name":"wp","href":"https:\/\/api.w.org\/{rel}","templated":true}]}}