{"id":85,"date":"2015-12-13T23:41:17","date_gmt":"2015-12-13T21:41:17","guid":{"rendered":"http:\/\/www.guvencilingir.com\/?page_id=85"},"modified":"2015-12-14T21:23:34","modified_gmt":"2015-12-14T19:23:34","slug":"immobilizer","status":"publish","type":"page","link":"https:\/\/www.guvencilingir.com\/index.php\/immobilizer\/","title":{"rendered":"IMMOBILIZER"},"content":{"rendered":"<p><b>S\u0130STEME UYGUN HER MARKA VE MODEL ARABANIN,<\/b><\/p>\n<p><b>ELEKTRON\u0130K ANAHTARLARI, GARANT\u0130L\u0130, EKONOM\u0130K VE KISA ZAMANDA YAPILIR.<\/b><\/p>\n<p align=\"center\"><img loading=\"lazy\" decoding=\"async\" class=\"aligncenter\" src=\"\/logos.gif\" alt=\"\" width=\"300\" height=\"300\" \/><\/p>\n<p><span style=\"color: #000000;\">\u0130mmobilizer Nedir?\u2026<\/span><\/p>\n<p><span style=\"color: #000000;\">Kelime olarak \u201cHAREKETS\u0130ZLE\u015eT\u0130R\u0130C\u0130\u201d anlam\u0131na gelir,<br \/>\nAra\u00e7lar \u00fczerinde ve bununla birlikte ara\u00e7 anahtar\u0131 i\u00e7erisinde bulunan Transponderlar sayesinde h\u0131rs\u0131zl\u0131k olaylar\u0131na kar\u015f\u0131 kullan\u0131lan ara\u00e7 g\u00fcvenlik sistemidir.<\/span><\/p>\n<p><span style=\"color: #000000;\">\u0130mmobilizer elektronik bir h\u0131rs\u0131zl\u0131k emniyetidir. Kontak anahtar\u0131 \u00e7ekildikten sonra aktif duruma ge\u00e7er ve arac\u0131n yetkisiz ki\u015filerce \u00e7al\u0131\u015ft\u0131r\u0131lmas\u0131n\u0131 motor kontrol \u00fcnitesi vas\u0131tas\u0131yla b\u00fcy\u00fck \u00f6l\u00e7\u00fcde engeller. Sistem, kontak anahtar\u0131na entegre edilmi\u015f bir verici ve al\u0131c\u0131 \u00fcnitesinden (Transponder) yararlan\u0131r. Bu, her mar\u015f i\u015fleminde ara\u00e7 elektroni\u011fine yeni bir kod bildirir. Ancak anahtar buna uyan yetkilendirme koduna sahip oldu\u011funda kilitleme kald\u0131r\u0131l\u0131r. Yeni bir \u015fifreleme tekni\u011fi, elektronik olarak kopyalanm\u0131\u015f ara\u00e7 anahtarlar\u0131na kar\u015f\u0131 sistemi g\u00fcvenceye al\u0131r.<\/span><\/p>\n<p><span style=\"color: #000000;\">\u0130MMOB\u0130L\u0130ZER S\u0130STEM\u0130N\u0130N BA\u015eLANGICI<\/span><\/p>\n<p><span style=\"color: #000000;\">1993 Y\u0131l\u0131ndan sonra Avrupadaki sigorta \u015firketlerinin yapt\u0131klar\u0131 bask\u0131lar sonucunda otomotiv \u00fcreticileri, ara\u00e7lar \u00fczerinde kullan\u0131lacak bir g\u00fcvenlik sistemi aray\u0131\u015f\u0131 i\u00e7erisine girdiler. Bunun sonucunda 1995 y\u0131l\u0131ndan sonra Almanya ba\u015fta olmak \u00fczere t\u00fcm Avrupa da ara\u00e7lar immobilzer sistemine sahip olarak \u00fcretilmeye ba\u015fland\u0131.<\/span><\/p>\n<p><span style=\"color: #000000;\">\u0130MMOB\u0130L\u0130ZER S\u0130STEM\u0130N\u0130N ARA\u00c7 \u00dcZER\u0130NDEK\u0130 ETK\u0130LER\u0130<\/span><\/p>\n<p><span style=\"color: #000000;\">* immobilizer sistemi ara\u00e7 \u00fczerinde benzinli ara\u00e7larda ate\u015fleme sistemini keser<br \/>\n* immobilizer Sistemi ara\u00e7 \u00fczerinde dizel ara\u00e7larda mazot pompas\u0131n\u0131n \u00e7al\u0131\u015fmas\u0131na izin vermez<\/span><\/p>\n<p><span style=\"color: #000000;\">\u0130MMOB\u0130L\u0130ZER S\u0130STEM\u0130N\u0130N \u00c7ALI\u015eMA YAPISI<\/span><\/p>\n<p><span style=\"color: #000000;\">1. Kontak a\u00e7\u0131l\u0131p ECU taraf\u0131ndan Okuyucu arac\u0131l\u0131\u011f\u0131 ile kontak anteni enerjilendirilir,<br \/>\n2. Antenden g\u00f6nderilen Radyo Frekansl\u0131 (RF) sinyal sayesinde Transponder enerjilenir,<br \/>\n3. Okuyucu arac\u0131l\u0131\u011f\u0131 ile antenden transponder a soru sorulur,<br \/>\n4. Soruya al\u0131nan cevap anten arac\u0131l\u0131\u011f\u0131 ile okuyucuya oradan da ECU ya aktar\u0131l\u0131r,<br \/>\n5. Bu gelen cevap ECU da kay\u0131tl\u0131 veriler ile kar\u015f\u0131la\u015ft\u0131r\u0131l\u0131r,<br \/>\n6. Verilerin uyumlu olmas\u0131 durumunda immobilizer sistemi arac\u0131n \u00e7al\u0131\u015fmas\u0131na izin verir.<br \/>\n7. Verilerin uyumlu olmamas\u0131 durumunda immobilizer sistemi arac\u0131n \u00e7al\u0131\u015fmas\u0131na izin vermez.<\/span><\/p>\n<p><span style=\"color: #000000;\">TRANSPONDER (CHIP) NED\u0130R?<\/span><\/p>\n<p><span style=\"color: #000000;\">Belli bir yap\u0131daki bilgiyi, manyetik olarak kendi \u00fczerinde saklayan elektronik bir elemand\u0131r. Otomotivde 125 KHz ve 134,2 KHz lik frekanslarda \u00e7al\u0131\u015f\u0131r<\/span><\/p>\n<p><span style=\"color: #000000;\">TRANSPONDER \u00d6ZELL\u0130KLER\u0130<\/span><\/p>\n<p><span style=\"color: #000000;\">* \u0130\u00e7indeki bilgiyi kal\u0131c\u0131 olarak saklayabilir.<br \/>\n* \u0130\u00e7indeki bilgi uygun cihazlarla de\u011fi\u015ftirilebilir.<br \/>\n* Kablosuz ileti\u015fim ile bilgi al\u0131\u015f-veri\u015fi yapar.<br \/>\n* Harici bir g\u00fc\u00e7 kayna\u011f\u0131 yoktur.<br \/>\n* 1995 y\u0131l\u0131ndan itibaren immobilizer sistemlerle uyumlu olarak ara\u00e7larda kullan\u0131lmaya ba\u015flanm\u0131\u015ft\u0131r.<br \/>\n* Uzun y\u0131llar boyunca sorunsuz \u00e7al\u0131\u015fabilirler.<\/span><\/p>\n<p><span style=\"color: #000000;\">TRANSPONDERLARIN BAZI KULLANIM ALANLARI<\/span><\/p>\n<p><span style=\"color: #000000;\">* Uzaktan Kumanda Devrelerinde<br \/>\n* Depo stoklar\u0131n\u0131n takibinde<br \/>\n* Yer ve Uzakl\u0131k tespitinde<br \/>\n* Kargo ta\u015f\u0131mac\u0131l\u0131\u011f\u0131nda<br \/>\n* Spor m\u00fcsabakalar\u0131nda<br \/>\n* Otomobil Anahtarlar\u0131nda<\/span><\/p>\n<p align=\"center\"><span style=\"color: #000000;\"><span style=\"color: #990000;\"><b>DAHA DETAYLI B\u0130LG\u0130YE D\u0130\u011eER S\u0130TEM\u0130Z<\/b> <\/span><a href=\"http:\/\/www.bucaelektronikanahtar.com\">www.bucaelektronikanahtar.com<\/a> <\/span><span style=\"color: #990000;\"><b>dan ULA\u015eAB\u0130L\u0130RS\u0130N\u0130Z.<\/b> <\/span><\/p>\n","protected":false},"excerpt":{"rendered":"<p>S\u0130STEME UYGUN HER MARKA VE MODEL ARABANIN, ELEKTRON\u0130K ANAHTARLARI, GARANT\u0130L\u0130, EKONOM\u0130K VE KISA ZAMANDA YAPILIR. \u0130mmobilizer Nedir?\u2026 Kelime olarak \u201cHAREKETS\u0130ZLE\u015eT\u0130R\u0130C\u0130\u201d anlam\u0131na gelir, Ara\u00e7lar \u00fczerinde ve bununla birlikte ara\u00e7 anahtar\u0131 i\u00e7erisinde bulunan Transponderlar sayesinde h\u0131rs\u0131zl\u0131k olaylar\u0131na kar\u015f\u0131 kullan\u0131lan ara\u00e7 g\u00fcvenlik sistemidir. \u0130mmobilizer elektronik bir h\u0131rs\u0131zl\u0131k emniyetidir. Kontak anahtar\u0131 \u00e7ekildikten sonra aktif duruma ge\u00e7er ve arac\u0131n yetkisiz [&hellip;]<\/p>\n","protected":false},"author":1,"featured_media":0,"parent":0,"menu_order":3,"comment_status":"closed","ping_status":"closed","template":"","meta":{"footnotes":""},"_links":{"self":[{"href":"https:\/\/www.guvencilingir.com\/index.php\/wp-json\/wp\/v2\/pages\/85"}],"collection":[{"href":"https:\/\/www.guvencilingir.com\/index.php\/wp-json\/wp\/v2\/pages"}],"about":[{"href":"https:\/\/www.guvencilingir.com\/index.php\/wp-json\/wp\/v2\/types\/page"}],"author":[{"embeddable":true,"href":"https:\/\/www.guvencilingir.com\/index.php\/wp-json\/wp\/v2\/users\/1"}],"replies":[{"embeddable":true,"href":"https:\/\/www.guvencilingir.com\/index.php\/wp-json\/wp\/v2\/comments?post=85"}],"version-history":[{"count":2,"href":"https:\/\/www.guvencilingir.com\/index.php\/wp-json\/wp\/v2\/pages\/85\/revisions"}],"predecessor-version":[{"id":496,"href":"https:\/\/www.guvencilingir.com\/index.php\/wp-json\/wp\/v2\/pages\/85\/revisions\/496"}],"wp:attachment":[{"href":"https:\/\/www.guvencilingir.com\/index.php\/wp-json\/wp\/v2\/media?parent=85"}],"curies":[{"name":"wp","href":"https:\/\/api.w.org\/{rel}","templated":true}]}}